{"id":612,"date":"2025-08-11T13:20:44","date_gmt":"2025-08-11T13:20:44","guid":{"rendered":"https:\/\/watercenter.info\/?page_id=612"},"modified":"2025-08-14T15:46:37","modified_gmt":"2025-08-14T15:46:37","slug":"quem-somos-water-center","status":"publish","type":"page","link":"https:\/\/watercenter.info\/tr\/quem-somos-water-center\/","title":{"rendered":"Biz Kimiz \u2013 Su Merkezi"},"content":{"rendered":"<p>O <strong>Su Merkezi<\/strong> Teknoloji, pazarlama ve s\u00fcrekli \u00f6\u011frenmeye olan tutkudan do\u011fan blog, trafik y\u00f6netimi alan\u0131nda \u00e7al\u0131\u015fan bir programlama \u00f6\u011frencisi taraf\u0131ndan yarat\u0131ld\u0131 ve ger\u00e7ek ya\u015fam deneyimlerini, pratik ipu\u00e7lar\u0131n\u0131 ve dijital d\u00fcnyada ba\u015fkalar\u0131n\u0131n geli\u015fmesine yard\u0131mc\u0131 olacak i\u00e7erikleri payla\u015f\u0131yor.<\/p>\n\n\n\n<p>Amac\u0131m\u0131z, mesleki geli\u015fimden \u00f6d\u00fcn vermeden ders, i\u015f ve ki\u015fisel ya\u015fam aras\u0131nda denge kurman\u0131n m\u00fcmk\u00fcn oldu\u011funu g\u00f6stermek. Burada, bir programc\u0131n\u0131n yolculu\u011fundaki zorluklar ve zaferlerle ilgili hikayelerden, dijital pazarlama kampanyalar\u0131n\u0131 optimize etme ve sonu\u00e7lar\u0131 art\u0131rma stratejilerine kadar her \u015feyi bulacaks\u0131n\u0131z.<\/p>\n\n\n\n<p>Bilginin a\u00e7\u0131k, anla\u015f\u0131l\u0131r ve ilham verici bir \u015fekilde payla\u015f\u0131lmas\u0131 gerekti\u011fine inan\u0131yoruz. Bu nedenle, t\u00fcm i\u00e7eriklerimiz okuyucular\u0131m\u0131za en iyiyi sunmak i\u00e7in \u00f6zenle haz\u0131rlanmaktad\u0131r.<\/p>\n\n\n\n<p>\u0130ster programlamaya yeni ba\u015flayan biri olun, ister dijital pazarlama merakl\u0131s\u0131 olun, isterse de bu ikisini birle\u015ftirerek yeni f\u0131rsatlar yaratmak isteyen biri olun, buras\u0131 sizin \u00f6\u011frenmeniz, fikir al\u0131\u015fveri\u015finde bulunman\u0131z ve birlikte b\u00fcy\u00fcmeniz i\u00e7in alan\u0131n\u0131z.<\/p>","protected":false},"excerpt":{"rendered":"<p>Water Center, teknoloji, pazarlama ve s\u00fcrekli \u00f6\u011frenmeye duyulan tutkudan do\u011fdu. Trafik y\u00f6netimi alan\u0131nda \u00e7al\u0131\u015fan bir programlama \u00f6\u011frencisi taraf\u0131ndan olu\u015fturulan blog, ger\u00e7ek ya\u015fam deneyimlerini, pratik ipu\u00e7lar\u0131n\u0131 ve ba\u015fkalar\u0131n\u0131n dijital d\u00fcnyada geli\u015fmesine yard\u0131mc\u0131 olacak i\u00e7erikleri payla\u015f\u0131yor. Amac\u0131m\u0131z, bunun...<\/p>","protected":false},"author":2,"featured_media":0,"parent":0,"menu_order":0,"comment_status":"closed","ping_status":"closed","template":"","meta":{"_kad_post_transparent":"","_kad_post_title":"","_kad_post_layout":"","_kad_post_sidebar_id":"","_kad_post_content_style":"","_kad_post_vertical_padding":"","_kad_post_feature":"","_kad_post_feature_position":"","_kad_post_header":false,"_kad_post_footer":false,"footnotes":""},"class_list":["post-612","page","type-page","status-publish","hentry"],"yoast_head":"<!-- This site is optimized with the Yoast SEO plugin v26.1.1 - https:\/\/yoast.com\/wordpress\/plugins\/seo\/ -->\n<title>Quem Somos \u2013 Water Center - Water Center<\/title>\n<meta name=\"robots\" content=\"index, follow, max-snippet:-1, max-image-preview:large, max-video-preview:-1\" \/>\n<link rel=\"canonical\" href=\"https:\/\/watercenter.info\/tr\/quem-somos-water-center\/\" \/>\n<meta property=\"og:locale\" content=\"tr_TR\" \/>\n<meta property=\"og:type\" content=\"article\" \/>\n<meta property=\"og:title\" content=\"Quem Somos \u2013 Water Center - Water Center\" \/>\n<meta property=\"og:description\" content=\"O Water Center nasceu da paix\u00e3o por tecnologia, marketing e aprendizado cont\u00ednuo. Criado por um estudante de programa\u00e7\u00e3o que tamb\u00e9m atua na \u00e1rea de gest\u00e3o de tr\u00e1fego, o blog compartilha experi\u00eancias reais do dia a dia, dicas pr\u00e1ticas e conte\u00fados que ajudam outras pessoas a evolu\u00edrem no mundo digital. Nosso objetivo \u00e9 mostrar que \u00e9...\" \/>\n<meta property=\"og:url\" content=\"https:\/\/watercenter.info\/tr\/quem-somos-water-center\/\" \/>\n<meta property=\"og:site_name\" content=\"Water Center\" \/>\n<meta property=\"article:modified_time\" content=\"2025-08-14T15:46:37+00:00\" \/>\n<meta name=\"twitter:card\" content=\"summary_large_image\" \/>\n<meta name=\"twitter:label1\" content=\"Tahmini okuma s\u00fcresi\" \/>\n\t<meta name=\"twitter:data1\" content=\"1 dakika\" \/>\n<script type=\"application\/ld+json\" class=\"yoast-schema-graph\">{\"@context\":\"https:\/\/schema.org\",\"@graph\":[{\"@type\":\"WebPage\",\"@id\":\"https:\/\/watercenter.info\/quem-somos-water-center\/\",\"url\":\"https:\/\/watercenter.info\/quem-somos-water-center\/\",\"name\":\"Quem Somos \u2013 Water Center - Water Center\",\"isPartOf\":{\"@id\":\"https:\/\/watercenter.info\/#website\"},\"datePublished\":\"2025-08-11T13:20:44+00:00\",\"dateModified\":\"2025-08-14T15:46:37+00:00\",\"breadcrumb\":{\"@id\":\"https:\/\/watercenter.info\/quem-somos-water-center\/#breadcrumb\"},\"inLanguage\":\"tr\",\"potentialAction\":[{\"@type\":\"ReadAction\",\"target\":[\"https:\/\/watercenter.info\/quem-somos-water-center\/\"]}]},{\"@type\":\"BreadcrumbList\",\"@id\":\"https:\/\/watercenter.info\/quem-somos-water-center\/#breadcrumb\",\"itemListElement\":[{\"@type\":\"ListItem\",\"position\":1,\"name\":\"Home\",\"item\":\"https:\/\/watercenter.info\/\"},{\"@type\":\"ListItem\",\"position\":2,\"name\":\"Quem Somos \u2013 Water Center\"}]},{\"@type\":\"WebSite\",\"@id\":\"https:\/\/watercenter.info\/#website\",\"url\":\"https:\/\/watercenter.info\/\",\"name\":\"Blog Sua Vida\",\"description\":\"\",\"publisher\":{\"@id\":\"https:\/\/watercenter.info\/#organization\"},\"potentialAction\":[{\"@type\":\"SearchAction\",\"target\":{\"@type\":\"EntryPoint\",\"urlTemplate\":\"https:\/\/watercenter.info\/?s={search_term_string}\"},\"query-input\":{\"@type\":\"PropertyValueSpecification\",\"valueRequired\":true,\"valueName\":\"search_term_string\"}}],\"inLanguage\":\"tr\"},{\"@type\":\"Organization\",\"@id\":\"https:\/\/watercenter.info\/#organization\",\"name\":\"Blog Sua Vida\",\"url\":\"https:\/\/watercenter.info\/\",\"logo\":{\"@type\":\"ImageObject\",\"inLanguage\":\"tr\",\"@id\":\"https:\/\/watercenter.info\/#\/schema\/logo\/image\/\",\"url\":\"https:\/\/watercenter.info\/wp-content\/uploads\/2025\/08\/cropped-unnamed-4.png\",\"contentUrl\":\"https:\/\/watercenter.info\/wp-content\/uploads\/2025\/08\/cropped-unnamed-4.png\",\"width\":500,\"height\":200,\"caption\":\"Blog Sua Vida\"},\"image\":{\"@id\":\"https:\/\/watercenter.info\/#\/schema\/logo\/image\/\"}}]}<\/script>\n<!-- \/ Yoast SEO plugin. -->","yoast_head_json":{"title":"Quem Somos \u2013 Water Center - Water Center","robots":{"index":"index","follow":"follow","max-snippet":"max-snippet:-1","max-image-preview":"max-image-preview:large","max-video-preview":"max-video-preview:-1"},"canonical":"https:\/\/watercenter.info\/tr\/quem-somos-water-center\/","og_locale":"tr_TR","og_type":"article","og_title":"Quem Somos \u2013 Water Center - Water Center","og_description":"O Water Center nasceu da paix\u00e3o por tecnologia, marketing e aprendizado cont\u00ednuo. Criado por um estudante de programa\u00e7\u00e3o que tamb\u00e9m atua na \u00e1rea de gest\u00e3o de tr\u00e1fego, o blog compartilha experi\u00eancias reais do dia a dia, dicas pr\u00e1ticas e conte\u00fados que ajudam outras pessoas a evolu\u00edrem no mundo digital. Nosso objetivo \u00e9 mostrar que \u00e9...","og_url":"https:\/\/watercenter.info\/tr\/quem-somos-water-center\/","og_site_name":"Water Center","article_modified_time":"2025-08-14T15:46:37+00:00","twitter_card":"summary_large_image","twitter_misc":{"Tahmini okuma s\u00fcresi":"1 dakika"},"schema":{"@context":"https:\/\/schema.org","@graph":[{"@type":"WebPage","@id":"https:\/\/watercenter.info\/quem-somos-water-center\/","url":"https:\/\/watercenter.info\/quem-somos-water-center\/","name":"Quem Somos \u2013 Water Center - Water Center","isPartOf":{"@id":"https:\/\/watercenter.info\/#website"},"datePublished":"2025-08-11T13:20:44+00:00","dateModified":"2025-08-14T15:46:37+00:00","breadcrumb":{"@id":"https:\/\/watercenter.info\/quem-somos-water-center\/#breadcrumb"},"inLanguage":"tr","potentialAction":[{"@type":"ReadAction","target":["https:\/\/watercenter.info\/quem-somos-water-center\/"]}]},{"@type":"BreadcrumbList","@id":"https:\/\/watercenter.info\/quem-somos-water-center\/#breadcrumb","itemListElement":[{"@type":"ListItem","position":1,"name":"Home","item":"https:\/\/watercenter.info\/"},{"@type":"ListItem","position":2,"name":"Quem Somos \u2013 Water Center"}]},{"@type":"WebSite","@id":"https:\/\/watercenter.info\/#website","url":"https:\/\/watercenter.info\/","name":"Hayat Blogunuz","description":"","publisher":{"@id":"https:\/\/watercenter.info\/#organization"},"potentialAction":[{"@type":"SearchAction","target":{"@type":"EntryPoint","urlTemplate":"https:\/\/watercenter.info\/?s={search_term_string}"},"query-input":{"@type":"PropertyValueSpecification","valueRequired":true,"valueName":"search_term_string"}}],"inLanguage":"tr"},{"@type":"Organization","@id":"https:\/\/watercenter.info\/#organization","name":"Hayat Blogunuz","url":"https:\/\/watercenter.info\/","logo":{"@type":"ImageObject","inLanguage":"tr","@id":"https:\/\/watercenter.info\/#\/schema\/logo\/image\/","url":"https:\/\/watercenter.info\/wp-content\/uploads\/2025\/08\/cropped-unnamed-4.png","contentUrl":"https:\/\/watercenter.info\/wp-content\/uploads\/2025\/08\/cropped-unnamed-4.png","width":500,"height":200,"caption":"Blog Sua Vida"},"image":{"@id":"https:\/\/watercenter.info\/#\/schema\/logo\/image\/"}}]}},"_links":{"self":[{"href":"https:\/\/watercenter.info\/tr\/wp-json\/wp\/v2\/pages\/612","targetHints":{"allow":["GET"]}}],"collection":[{"href":"https:\/\/watercenter.info\/tr\/wp-json\/wp\/v2\/pages"}],"about":[{"href":"https:\/\/watercenter.info\/tr\/wp-json\/wp\/v2\/types\/page"}],"author":[{"embeddable":true,"href":"https:\/\/watercenter.info\/tr\/wp-json\/wp\/v2\/users\/2"}],"replies":[{"embeddable":true,"href":"https:\/\/watercenter.info\/tr\/wp-json\/wp\/v2\/comments?post=612"}],"version-history":[{"count":2,"href":"https:\/\/watercenter.info\/tr\/wp-json\/wp\/v2\/pages\/612\/revisions"}],"predecessor-version":[{"id":675,"href":"https:\/\/watercenter.info\/tr\/wp-json\/wp\/v2\/pages\/612\/revisions\/675"}],"wp:attachment":[{"href":"https:\/\/watercenter.info\/tr\/wp-json\/wp\/v2\/media?parent=612"}],"curies":[{"name":"wp","href":"https:\/\/api.w.org\/{rel}","templated":true}]}}