{"id":610,"date":"2025-08-11T13:19:58","date_gmt":"2025-08-11T13:19:58","guid":{"rendered":"https:\/\/watercenter.info\/?page_id=610"},"modified":"2025-08-14T15:47:28","modified_gmt":"2025-08-14T15:47:28","slug":"termos-de-uso-water-center","status":"publish","type":"page","link":"https:\/\/watercenter.info\/tr\/termos-de-uso-water-center\/","title":{"rendered":"Kullan\u0131m Ko\u015fullar\u0131 \u2013 Su Merkezi"},"content":{"rendered":"<p>Ho\u015f geldiniz <strong>Su Merkezi<\/strong>Web sitesine eri\u015ferek ve kullanarak <strong><a class=\"\" href=\"https:\/\/watercenter.info\/tr\/\">https:\/\/watercenter.info\/<\/a><\/strong>Bu arac\u0131 kullanarak, a\u015fa\u011f\u0131da a\u00e7\u0131klanan h\u00fck\u00fcm ve ko\u015fullar\u0131 kabul etmi\u015f olursunuz. Devam etmeden \u00f6nce bu belgeyi dikkatlice okuman\u0131z\u0131 \u00f6neririz.<\/p>\n\n\n\n<h2 class=\"wp-block-heading\">1. \u015eartlar\u0131n kabul\u00fc<\/h2>\n\n\n\n<p>Bu web sitesine eri\u015fim ve kullan\u0131m, bu Kullan\u0131m Ko\u015fullar\u0131&#039;na, Gizlilik Politikam\u0131za ve \u00c7erez Politikam\u0131za tabidir. Bu ko\u015fullar\u0131n herhangi bir b\u00f6l\u00fcm\u00fcn\u00fc kabul etmiyorsan\u0131z, web sitesini kullanmay\u0131n.<\/p>\n\n\n\n<h2 class=\"wp-block-heading\">2. \u0130zin verilen kullan\u0131m<\/h2>\n\n\n\n<p>Siteyi etik ve yasal bir \u015fekilde kullanmay\u0131, Brezilya&#039;da ve ikamet etti\u011finiz \u00fclkede y\u00fcr\u00fcrl\u00fckte olan yasalara sayg\u0131 g\u00f6stermeyi kabul edersiniz. A\u015fa\u011f\u0131dakiler yasakt\u0131r:<\/p>\n\n\n\n<ul class=\"wp-block-list\">\n<li>\u0130\u00e7eri\u011fin izinsiz kopyalanmas\u0131, \u00e7o\u011falt\u0131lmas\u0131 veya da\u011f\u0131t\u0131lmas\u0131 yasakt\u0131r.<\/li>\n\n\n\n<li>Sitenin yasa d\u0131\u015f\u0131 veya zararl\u0131 faaliyetler i\u00e7in kullan\u0131lmas\u0131<\/li>\n\n\n\n<li>\u0130zinsiz olarak k\u0131s\u0131tl\u0131 alanlara veya dahili sistemlere eri\u015fim sa\u011flamaya \u00e7al\u0131\u015fmak.<\/li>\n<\/ul>\n\n\n\n<h2 class=\"wp-block-heading\">3. Fikri m\u00fclkiyet<\/h2>\n\n\n\n<p>Yay\u0131nlanan t\u00fcm i\u00e7erikler <strong>Su Merkezi<\/strong>Metinler, resimler, videolar, logolar ve ticari markalar dahil olmak \u00fczere t\u00fcm i\u00e7erik telif hakk\u0131yla korunmaktad\u0131r ve \u00f6nceden yaz\u0131l\u0131 izin al\u0131nmadan kullan\u0131lamaz.<\/p>\n\n\n\n<h2 class=\"wp-block-heading\">4. \u00dc\u00e7\u00fcnc\u00fc taraf i\u00e7eri\u011fi<\/h2>\n\n\n\n<p>Bu web sitesi, di\u011fer web sitelerine ve \u00fc\u00e7\u00fcnc\u00fc taraf i\u00e7eriklerine ba\u011flant\u0131lar i\u00e7erebilir. Alan ad\u0131m\u0131z d\u0131\u015f\u0131nda sunulan bilgi, \u00fcr\u00fcn veya hizmetlerden sorumlu de\u011filiz.<\/p>\n\n\n\n<h2 class=\"wp-block-heading\">5. Sorumlulu\u011fun s\u0131n\u0131rland\u0131r\u0131lmas\u0131<\/h2>\n\n\n\n<p>Sitenin her zaman eri\u015filebilir veya hatas\u0131z olaca\u011f\u0131n\u0131 garanti etmiyoruz ve sitenin kullan\u0131m\u0131ndan veya kullan\u0131lamamas\u0131ndan kaynaklanan herhangi bir kay\u0131p veya hasardan sorumlu de\u011filiz.<\/p>\n\n\n\n<h2 class=\"wp-block-heading\">6. \u015eartlarda De\u011fi\u015fiklikler<\/h2>\n\n\n\n<p>Bu Kullan\u0131m Ko\u015fullar\u0131n\u0131 \u00f6nceden haber vermeksizin herhangi bir zamanda de\u011fi\u015ftirebiliriz. De\u011fi\u015fiklikler, bu sayfada yay\u0131nland\u0131\u011f\u0131 anda y\u00fcr\u00fcrl\u00fc\u011fe girecektir.<\/p>","protected":false},"excerpt":{"rendered":"<p>Water Center&#039;a ho\u015f geldiniz! https:\/\/watercenter.info\/ web sitesine eri\u015ferek ve kullanarak, a\u015fa\u011f\u0131da a\u00e7\u0131klanan h\u00fck\u00fcm ve ko\u015fullar\u0131 kabul etmi\u015f olursunuz. Gezinmeye devam etmeden \u00f6nce bu belgeyi dikkatlice okuman\u0131z\u0131 \u00f6neririz. 1. \u015eartlar\u0131n Kabul\u00fc Bu web sitesine eri\u015fim ve kullan\u0131m, bu Kullan\u0131m Ko\u015fullar\u0131na, Gizlilik Politikam\u0131za ve...<\/p>","protected":false},"author":2,"featured_media":0,"parent":0,"menu_order":0,"comment_status":"closed","ping_status":"closed","template":"","meta":{"_kad_post_transparent":"","_kad_post_title":"","_kad_post_layout":"","_kad_post_sidebar_id":"","_kad_post_content_style":"","_kad_post_vertical_padding":"","_kad_post_feature":"","_kad_post_feature_position":"","_kad_post_header":false,"_kad_post_footer":false,"footnotes":""},"class_list":["post-610","page","type-page","status-publish","hentry"],"yoast_head":"<!-- This site is optimized with the Yoast SEO plugin v26.1.1 - https:\/\/yoast.com\/wordpress\/plugins\/seo\/ -->\n<title>Termos de Uso \u2013 Water Center - Water Center<\/title>\n<meta name=\"robots\" content=\"index, follow, max-snippet:-1, max-image-preview:large, max-video-preview:-1\" \/>\n<link rel=\"canonical\" href=\"https:\/\/watercenter.info\/tr\/termos-de-uso-water-center\/\" \/>\n<meta property=\"og:locale\" content=\"tr_TR\" \/>\n<meta property=\"og:type\" content=\"article\" \/>\n<meta property=\"og:title\" content=\"Termos de Uso \u2013 Water Center - Water Center\" \/>\n<meta property=\"og:description\" content=\"Bem-vindo ao Water Centerl. Ao acessar e utilizar o site https:\/\/watercenter.info\/, voc\u00ea concorda com os termos e condi\u00e7\u00f5es descritos abaixo. Recomendamos que leia atentamente este documento antes de continuar navegando. 1. Aceita\u00e7\u00e3o dos termos O acesso e uso deste site est\u00e3o sujeitos a estes Termos de Uso, \u00e0 nossa Pol\u00edtica de Privacidade e \u00e0 nossa...\" \/>\n<meta property=\"og:url\" content=\"https:\/\/watercenter.info\/tr\/termos-de-uso-water-center\/\" \/>\n<meta property=\"og:site_name\" content=\"Water Center\" \/>\n<meta property=\"article:modified_time\" content=\"2025-08-14T15:47:28+00:00\" \/>\n<meta name=\"twitter:card\" content=\"summary_large_image\" \/>\n<meta name=\"twitter:label1\" content=\"Tahmini okuma s\u00fcresi\" \/>\n\t<meta name=\"twitter:data1\" content=\"2 dakika\" \/>\n<script type=\"application\/ld+json\" class=\"yoast-schema-graph\">{\"@context\":\"https:\/\/schema.org\",\"@graph\":[{\"@type\":\"WebPage\",\"@id\":\"https:\/\/watercenter.info\/termos-de-uso-water-center\/\",\"url\":\"https:\/\/watercenter.info\/termos-de-uso-water-center\/\",\"name\":\"Termos de Uso \u2013 Water Center - Water Center\",\"isPartOf\":{\"@id\":\"https:\/\/watercenter.info\/#website\"},\"datePublished\":\"2025-08-11T13:19:58+00:00\",\"dateModified\":\"2025-08-14T15:47:28+00:00\",\"breadcrumb\":{\"@id\":\"https:\/\/watercenter.info\/termos-de-uso-water-center\/#breadcrumb\"},\"inLanguage\":\"tr\",\"potentialAction\":[{\"@type\":\"ReadAction\",\"target\":[\"https:\/\/watercenter.info\/termos-de-uso-water-center\/\"]}]},{\"@type\":\"BreadcrumbList\",\"@id\":\"https:\/\/watercenter.info\/termos-de-uso-water-center\/#breadcrumb\",\"itemListElement\":[{\"@type\":\"ListItem\",\"position\":1,\"name\":\"Home\",\"item\":\"https:\/\/watercenter.info\/\"},{\"@type\":\"ListItem\",\"position\":2,\"name\":\"Termos de Uso \u2013 Water Center\"}]},{\"@type\":\"WebSite\",\"@id\":\"https:\/\/watercenter.info\/#website\",\"url\":\"https:\/\/watercenter.info\/\",\"name\":\"Blog Sua Vida\",\"description\":\"\",\"publisher\":{\"@id\":\"https:\/\/watercenter.info\/#organization\"},\"potentialAction\":[{\"@type\":\"SearchAction\",\"target\":{\"@type\":\"EntryPoint\",\"urlTemplate\":\"https:\/\/watercenter.info\/?s={search_term_string}\"},\"query-input\":{\"@type\":\"PropertyValueSpecification\",\"valueRequired\":true,\"valueName\":\"search_term_string\"}}],\"inLanguage\":\"tr\"},{\"@type\":\"Organization\",\"@id\":\"https:\/\/watercenter.info\/#organization\",\"name\":\"Blog Sua Vida\",\"url\":\"https:\/\/watercenter.info\/\",\"logo\":{\"@type\":\"ImageObject\",\"inLanguage\":\"tr\",\"@id\":\"https:\/\/watercenter.info\/#\/schema\/logo\/image\/\",\"url\":\"https:\/\/watercenter.info\/wp-content\/uploads\/2025\/08\/cropped-unnamed-4.png\",\"contentUrl\":\"https:\/\/watercenter.info\/wp-content\/uploads\/2025\/08\/cropped-unnamed-4.png\",\"width\":500,\"height\":200,\"caption\":\"Blog Sua Vida\"},\"image\":{\"@id\":\"https:\/\/watercenter.info\/#\/schema\/logo\/image\/\"}}]}<\/script>\n<!-- \/ Yoast SEO plugin. -->","yoast_head_json":{"title":"Termos de Uso \u2013 Water Center - Water Center","robots":{"index":"index","follow":"follow","max-snippet":"max-snippet:-1","max-image-preview":"max-image-preview:large","max-video-preview":"max-video-preview:-1"},"canonical":"https:\/\/watercenter.info\/tr\/termos-de-uso-water-center\/","og_locale":"tr_TR","og_type":"article","og_title":"Termos de Uso \u2013 Water Center - Water Center","og_description":"Bem-vindo ao Water Centerl. Ao acessar e utilizar o site https:\/\/watercenter.info\/, voc\u00ea concorda com os termos e condi\u00e7\u00f5es descritos abaixo. Recomendamos que leia atentamente este documento antes de continuar navegando. 1. Aceita\u00e7\u00e3o dos termos O acesso e uso deste site est\u00e3o sujeitos a estes Termos de Uso, \u00e0 nossa Pol\u00edtica de Privacidade e \u00e0 nossa...","og_url":"https:\/\/watercenter.info\/tr\/termos-de-uso-water-center\/","og_site_name":"Water Center","article_modified_time":"2025-08-14T15:47:28+00:00","twitter_card":"summary_large_image","twitter_misc":{"Tahmini okuma s\u00fcresi":"2 dakika"},"schema":{"@context":"https:\/\/schema.org","@graph":[{"@type":"WebPage","@id":"https:\/\/watercenter.info\/termos-de-uso-water-center\/","url":"https:\/\/watercenter.info\/termos-de-uso-water-center\/","name":"Termos de Uso \u2013 Water Center - Water Center","isPartOf":{"@id":"https:\/\/watercenter.info\/#website"},"datePublished":"2025-08-11T13:19:58+00:00","dateModified":"2025-08-14T15:47:28+00:00","breadcrumb":{"@id":"https:\/\/watercenter.info\/termos-de-uso-water-center\/#breadcrumb"},"inLanguage":"tr","potentialAction":[{"@type":"ReadAction","target":["https:\/\/watercenter.info\/termos-de-uso-water-center\/"]}]},{"@type":"BreadcrumbList","@id":"https:\/\/watercenter.info\/termos-de-uso-water-center\/#breadcrumb","itemListElement":[{"@type":"ListItem","position":1,"name":"Home","item":"https:\/\/watercenter.info\/"},{"@type":"ListItem","position":2,"name":"Termos de Uso \u2013 Water Center"}]},{"@type":"WebSite","@id":"https:\/\/watercenter.info\/#website","url":"https:\/\/watercenter.info\/","name":"Hayat Blogunuz","description":"","publisher":{"@id":"https:\/\/watercenter.info\/#organization"},"potentialAction":[{"@type":"SearchAction","target":{"@type":"EntryPoint","urlTemplate":"https:\/\/watercenter.info\/?s={search_term_string}"},"query-input":{"@type":"PropertyValueSpecification","valueRequired":true,"valueName":"search_term_string"}}],"inLanguage":"tr"},{"@type":"Organization","@id":"https:\/\/watercenter.info\/#organization","name":"Hayat Blogunuz","url":"https:\/\/watercenter.info\/","logo":{"@type":"ImageObject","inLanguage":"tr","@id":"https:\/\/watercenter.info\/#\/schema\/logo\/image\/","url":"https:\/\/watercenter.info\/wp-content\/uploads\/2025\/08\/cropped-unnamed-4.png","contentUrl":"https:\/\/watercenter.info\/wp-content\/uploads\/2025\/08\/cropped-unnamed-4.png","width":500,"height":200,"caption":"Blog Sua Vida"},"image":{"@id":"https:\/\/watercenter.info\/#\/schema\/logo\/image\/"}}]}},"_links":{"self":[{"href":"https:\/\/watercenter.info\/tr\/wp-json\/wp\/v2\/pages\/610","targetHints":{"allow":["GET"]}}],"collection":[{"href":"https:\/\/watercenter.info\/tr\/wp-json\/wp\/v2\/pages"}],"about":[{"href":"https:\/\/watercenter.info\/tr\/wp-json\/wp\/v2\/types\/page"}],"author":[{"embeddable":true,"href":"https:\/\/watercenter.info\/tr\/wp-json\/wp\/v2\/users\/2"}],"replies":[{"embeddable":true,"href":"https:\/\/watercenter.info\/tr\/wp-json\/wp\/v2\/comments?post=610"}],"version-history":[{"count":2,"href":"https:\/\/watercenter.info\/tr\/wp-json\/wp\/v2\/pages\/610\/revisions"}],"predecessor-version":[{"id":677,"href":"https:\/\/watercenter.info\/tr\/wp-json\/wp\/v2\/pages\/610\/revisions\/677"}],"wp:attachment":[{"href":"https:\/\/watercenter.info\/tr\/wp-json\/wp\/v2\/media?parent=610"}],"curies":[{"name":"wp","href":"https:\/\/api.w.org\/{rel}","templated":true}]}}