{"id":608,"date":"2025-08-11T13:19:28","date_gmt":"2025-08-11T13:19:28","guid":{"rendered":"https:\/\/watercenter.info\/?page_id=608"},"modified":"2025-08-14T15:44:51","modified_gmt":"2025-08-14T15:44:51","slug":"politica-de-cookies-water-center","status":"publish","type":"page","link":"https:\/\/watercenter.info\/pa\/politica-de-cookies-water-center\/","title":{"rendered":"\u0a15\u0a42\u0a15\u0a40 \u0a28\u0a40\u0a24\u0a40 - \u0a1c\u0a32 \u0a15\u0a47\u0a02\u0a26\u0a30"},"content":{"rendered":"<p>\u0a07\u0a39 \u0a15\u0a42\u0a15\u0a40 \u0a28\u0a40\u0a24\u0a40 \u0a26\u0a71\u0a38\u0a26\u0a40 \u0a39\u0a48 \u0a15\u0a3f \u0a15\u0a42\u0a15\u0a40\u0a1c\u0a3c \u0a15\u0a40 \u0a39\u0a28 \u0a05\u0a24\u0a47 \u0a05\u0a38\u0a40\u0a02 \u0a09\u0a39\u0a28\u0a3e\u0a02 \u0a28\u0a42\u0a70 \u0a35\u0a48\u0a71\u0a2c\u0a38\u0a3e\u0a08\u0a1f &#039;\u0a24\u0a47 \u0a15\u0a3f\u0a35\u0a47\u0a02 \u0a35\u0a30\u0a24\u0a26\u0a47 \u0a39\u0a3e\u0a02\u0964 <strong><a class=\"\" href=\"https:\/\/watercenter.info\/pa\/\">https:\/\/watercenter.info\/<\/a><\/strong> \u0a05\u0a24\u0a47 \u0a24\u0a41\u0a38\u0a40\u0a02 \u0a06\u0a2a\u0a23\u0a40\u0a06\u0a02 \u0a2a\u0a38\u0a70\u0a26\u0a3e\u0a02 \u0a26\u0a3e \u0a2a\u0a4d\u0a30\u0a2c\u0a70\u0a27\u0a28 \u0a15\u0a3f\u0a35\u0a47\u0a02 \u0a15\u0a30 \u0a38\u0a15\u0a26\u0a47 \u0a39\u0a4b\u0964<\/p>\n\n\n\n<h2 class=\"wp-block-heading\">1. \u0a15\u0a42\u0a15\u0a40\u0a1c\u0a3c \u0a15\u0a40 \u0a39\u0a28?<\/h2>\n\n\n\n<p>\u0a15\u0a42\u0a15\u0a40\u0a1c\u0a3c \u0a1b\u0a4b\u0a1f\u0a40\u0a06\u0a02 \u0a1f\u0a48\u0a15\u0a38\u0a1f \u0a2b\u0a3e\u0a08\u0a32\u0a3e\u0a02 \u0a39\u0a41\u0a70\u0a26\u0a40\u0a06\u0a02 \u0a39\u0a28 \u0a1c\u0a4b \u0a24\u0a41\u0a39\u0a3e\u0a21\u0a47 \u0a2c\u0a4d\u0a30\u0a3e\u0a0a\u0a1c\u0a3c\u0a30 \u0a28\u0a42\u0a70 \u0a24\u0a41\u0a39\u0a3e\u0a21\u0a47 \u0a26\u0a41\u0a06\u0a30\u0a3e \u0a35\u0a3f\u0a1c\u0a3c\u0a3f\u0a1f \u0a15\u0a40\u0a24\u0a40 \u0a17\u0a08 \u0a35\u0a48\u0a71\u0a2c\u0a38\u0a3e\u0a08\u0a1f \u0a26\u0a41\u0a06\u0a30\u0a3e \u0a2d\u0a47\u0a1c\u0a40\u0a06\u0a02 \u0a1c\u0a3e\u0a02\u0a26\u0a40\u0a06\u0a02 \u0a39\u0a28\u0964 \u0a07\u0a39 \u0a35\u0a48\u0a71\u0a2c\u0a38\u0a3e\u0a08\u0a1f \u0a28\u0a42\u0a70 \u0a24\u0a41\u0a39\u0a3e\u0a21\u0a40 \u0a21\u0a3f\u0a35\u0a3e\u0a08\u0a38 \u0a28\u0a42\u0a70 \u0a2a\u0a1b\u0a3e\u0a23\u0a28 \u0a05\u0a24\u0a47 \u0a24\u0a41\u0a39\u0a3e\u0a21\u0a40\u0a06\u0a02 \u0a2c\u0a4d\u0a30\u0a3e\u0a0a\u0a1c\u0a3c\u0a3f\u0a70\u0a17 \u0a24\u0a30\u0a1c\u0a40\u0a39\u0a3e\u0a02 \u0a05\u0a24\u0a47 \u0a17\u0a24\u0a40\u0a35\u0a3f\u0a27\u0a40\u0a06\u0a02 \u0a2c\u0a3e\u0a30\u0a47 \u0a15\u0a41\u0a1d \u0a1c\u0a3e\u0a23\u0a15\u0a3e\u0a30\u0a40 \u0a38\u0a1f\u0a4b\u0a30 \u0a15\u0a30\u0a28 \u0a35\u0a3f\u0a71\u0a1a \u0a2e\u0a26\u0a26 \u0a15\u0a30\u0a26\u0a40\u0a06\u0a02 \u0a39\u0a28\u0964<\/p>\n\n\n\n<h2 class=\"wp-block-heading\">2. \u0a05\u0a38\u0a40\u0a02 \u0a15\u0a42\u0a15\u0a40\u0a1c\u0a3c \u0a26\u0a40 \u0a35\u0a30\u0a24\u0a4b\u0a02 \u0a15\u0a3f\u0a35\u0a47\u0a02 \u0a15\u0a30\u0a26\u0a47 \u0a39\u0a3e\u0a02<\/h2>\n\n\n\n<p>\u0a05\u0a38\u0a40\u0a02 \u0a15\u0a42\u0a15\u0a40\u0a1c\u0a3c \u0a26\u0a40 \u0a35\u0a30\u0a24\u0a4b\u0a02 \u0a07\u0a38 \u0a32\u0a08 \u0a15\u0a30\u0a26\u0a47 \u0a39\u0a3e\u0a02:<\/p>\n\n\n\n<ul class=\"wp-block-list\">\n<li>\u0a35\u0a48\u0a71\u0a2c\u0a38\u0a3e\u0a08\u0a1f \u0a26\u0a40 \u0a15\u0a3e\u0a30\u0a1c\u0a38\u0a3c\u0a40\u0a32\u0a24\u0a3e \u0a05\u0a24\u0a47 \u0a2a\u0a4d\u0a30\u0a26\u0a30\u0a38\u0a3c\u0a28 \u0a35\u0a3f\u0a71\u0a1a \u0a38\u0a41\u0a27\u0a3e\u0a30 \u0a15\u0a30\u0a4b\u0964<\/li>\n\n\n\n<li>\u0a09\u0a2a\u0a2d\u0a4b\u0a17\u0a24\u0a3e \u0a05\u0a28\u0a41\u0a2d\u0a35 \u0a28\u0a42\u0a70 \u0a35\u0a3f\u0a05\u0a15\u0a24\u0a40\u0a17\u0a24 \u0a2c\u0a23\u0a3e\u0a13\u0964<\/li>\n\n\n\n<li>\u0a2a\u0a39\u0a41\u0a70\u0a1a \u0a05\u0a70\u0a15\u0a5c\u0a3f\u0a06\u0a02 \u0a05\u0a24\u0a47 \u0a2c\u0a4d\u0a30\u0a3e\u0a0a\u0a1c\u0a3c\u0a3f\u0a70\u0a17 \u0a35\u0a3f\u0a35\u0a39\u0a3e\u0a30 \u0a26\u0a3e \u0a35\u0a3f\u0a38\u0a3c\u0a32\u0a47\u0a38\u0a3c\u0a23 \u0a15\u0a30\u0a4b\u0964<\/li>\n\n\n\n<li>\u0a1c\u0a26\u0a4b\u0a02 \u0a32\u0a3e\u0a17\u0a42 \u0a39\u0a4b\u0a35\u0a47, \u0a38\u0a70\u0a2c\u0a70\u0a27\u0a3f\u0a24 \u0a07\u0a38\u0a3c\u0a24\u0a3f\u0a39\u0a3e\u0a30 \u0a2a\u0a4d\u0a30\u0a26\u0a30\u0a38\u0a3c\u0a3f\u0a24 \u0a15\u0a30\u0a4b\u0964<\/li>\n<\/ul>\n\n\n\n<h2 class=\"wp-block-heading\">3. \u0a15\u0a42\u0a15\u0a40\u0a1c\u0a3c \u0a26\u0a40\u0a06\u0a02 \u0a15\u0a3f\u0a38\u0a2e\u0a3e\u0a02 \u0a1c\u0a4b \u0a05\u0a38\u0a40\u0a02 \u0a35\u0a30\u0a24\u0a26\u0a47 \u0a39\u0a3e\u0a02<\/h2>\n\n\n\n<ul class=\"wp-block-list\">\n<li><strong>\u0a1c\u0a3c\u0a30\u0a42\u0a30\u0a40 \u0a15\u0a42\u0a15\u0a40\u0a1c\u0a3c:<\/strong> \u0a38\u0a3e\u0a08\u0a1f \u0a26\u0a47 \u0a2e\u0a41\u0a71\u0a22\u0a32\u0a47 \u0a15\u0a70\u0a2e\u0a15\u0a3e\u0a1c \u0a32\u0a08 \u0a1c\u0a3c\u0a30\u0a42\u0a30\u0a40<\/li>\n\n\n\n<li><strong>\u0a2a\u0a4d\u0a30\u0a26\u0a30\u0a38\u0a3c\u0a28 \u0a15\u0a42\u0a15\u0a40\u0a1c\u0a3c:<\/strong> \u0a09\u0a39 \u0a07\u0a38 \u0a2c\u0a3e\u0a30\u0a47 \u0a05\u0a17\u0a3f\u0a06\u0a24 \u0a1c\u0a3e\u0a23\u0a15\u0a3e\u0a30\u0a40 \u0a07\u0a15\u0a71\u0a20\u0a40 \u0a15\u0a30\u0a26\u0a47 \u0a39\u0a28 \u0a15\u0a3f \u0a38\u0a48\u0a32\u0a3e\u0a28\u0a40 \u0a38\u0a3e\u0a08\u0a1f \u0a26\u0a40 \u0a35\u0a30\u0a24\u0a4b\u0a02 \u0a15\u0a3f\u0a35\u0a47\u0a02 \u0a15\u0a30\u0a26\u0a47 \u0a39\u0a28\u0964<\/li>\n\n\n\n<li><strong>\u0a15\u0a3e\u0a30\u0a1c\u0a38\u0a3c\u0a40\u0a32\u0a24\u0a3e \u0a15\u0a42\u0a15\u0a40\u0a1c\u0a3c:<\/strong> \u0a09\u0a39 \u0a24\u0a41\u0a39\u0a3e\u0a21\u0a40\u0a06\u0a02 \u0a2a\u0a38\u0a70\u0a26\u0a3e\u0a02 \u0a05\u0a24\u0a47 \u0a1a\u0a4b\u0a23\u0a3e\u0a02 \u0a28\u0a42\u0a70 \u0a2f\u0a3e\u0a26 \u0a30\u0a71\u0a16\u0a26\u0a47 \u0a39\u0a28\u0964<\/li>\n\n\n\n<li><strong>\u0a07\u0a38\u0a3c\u0a24\u0a3f\u0a39\u0a3e\u0a30\u0a2c\u0a3e\u0a1c\u0a3c\u0a40 \u0a15\u0a42\u0a15\u0a40\u0a1c\u0a3c:<\/strong> \u0a24\u0a41\u0a39\u0a3e\u0a21\u0a40\u0a06\u0a02 \u0a26\u0a3f\u0a32\u0a1a\u0a38\u0a2a\u0a40\u0a06\u0a02 \u0a26\u0a47 \u0a06\u0a27\u0a3e\u0a30 &#039;\u0a24\u0a47 \u0a24\u0a41\u0a39\u0a3e\u0a28\u0a42\u0a70 \u0a35\u0a3f\u0a05\u0a15\u0a24\u0a40\u0a17\u0a24 \u0a2c\u0a23\u0a3e\u0a0f \u0a35\u0a3f\u0a17\u0a3f\u0a06\u0a2a\u0a28 \u0a26\u0a3f\u0a16\u0a3e\u0a09\u0a23 \u0a32\u0a08 \u0a35\u0a30\u0a24\u0a3f\u0a06 \u0a1c\u0a3e\u0a02\u0a26\u0a3e \u0a39\u0a48\u0964<\/li>\n<\/ul>\n\n\n\n<h2 class=\"wp-block-heading\">4. \u0a15\u0a42\u0a15\u0a40 \u0a15\u0a70\u0a1f\u0a30\u0a4b\u0a32<\/h2>\n\n\n\n<p>\u0a24\u0a41\u0a38\u0a40\u0a02 \u0a06\u0a2a\u0a23\u0a40\u0a06\u0a02 \u0a2c\u0a4d\u0a30\u0a3e\u0a0a\u0a1c\u0a3c\u0a30 \u0a38\u0a48\u0a1f\u0a3f\u0a70\u0a17\u0a3e\u0a02 \u0a35\u0a3f\u0a71\u0a1a \u0a15\u0a42\u0a15\u0a40\u0a1c\u0a3c \u0a26\u0a3e \u0a2a\u0a4d\u0a30\u0a2c\u0a70\u0a27\u0a28 \u0a1c\u0a3e\u0a02 \u0a05\u0a2f\u0a4b\u0a17 \u0a15\u0a30 \u0a38\u0a15\u0a26\u0a47 \u0a39\u0a4b\u0964 \u0a39\u0a3e\u0a32\u0a3e\u0a02\u0a15\u0a3f, \u0a07\u0a39 \u0a35\u0a48\u0a71\u0a2c\u0a38\u0a3e\u0a08\u0a1f \u0a26\u0a40 \u0a15\u0a3e\u0a30\u0a1c\u0a15\u0a41\u0a38\u0a3c\u0a32\u0a24\u0a3e \u0a28\u0a42\u0a70 \u0a2a\u0a4d\u0a30\u0a2d\u0a3e\u0a35\u0a3f\u0a24 \u0a15\u0a30 \u0a38\u0a15\u0a26\u0a3e \u0a39\u0a48\u0964<\/p>\n\n\n\n<p>\u0a2e\u0a41\u0a71\u0a16 \u0a2c\u0a4d\u0a30\u0a3e\u0a0a\u0a1c\u0a3c\u0a30\u0a3e\u0a02 \u0a35\u0a3f\u0a71\u0a1a \u0a15\u0a42\u0a15\u0a40\u0a1c\u0a3c \u0a26\u0a47 \u0a2a\u0a4d\u0a30\u0a2c\u0a70\u0a27\u0a28 \u0a32\u0a08 \u0a09\u0a2a\u0a2f\u0a4b\u0a17\u0a40 \u0a32\u0a3f\u0a70\u0a15:<\/p>\n\n\n\n<ul class=\"wp-block-list\">\n<li><a>\u0a17\u0a42\u0a17\u0a32 \u0a15\u0a30\u0a4b\u0a2e<\/a><\/li>\n\n\n\n<li><a>\u0a2e\u0a4b\u0a1c\u0a3c\u0a40\u0a32\u0a3e \u0a2b\u0a3e\u0a07\u0a30\u0a2b\u0a3e\u0a15\u0a38<\/a><\/li>\n\n\n\n<li><a>\u0a2e\u0a3e\u0a08\u0a15\u0a4d\u0a30\u0a4b\u0a38\u0a3e\u0a2b\u0a1f \u0a10\u0a1c<\/a><\/li>\n\n\n\n<li><a>\u0a38\u0a2b\u0a3e\u0a30\u0a40<\/a><\/li>\n<\/ul>\n\n\n\n<h2 class=\"wp-block-heading\">5. \u0a07\u0a38 \u0a28\u0a40\u0a24\u0a40 \u0a35\u0a3f\u0a71\u0a1a \u0a2c\u0a26\u0a32\u0a3e\u0a05<\/h2>\n\n\n\n<p>\u0a05\u0a38\u0a40\u0a02 \u0a07\u0a38 \u0a15\u0a42\u0a15\u0a40 \u0a28\u0a40\u0a24\u0a40 \u0a28\u0a42\u0a70 \u0a38\u0a2e\u0a47\u0a02-\u0a38\u0a2e\u0a47\u0a02 &#039;\u0a24\u0a47 \u0a05\u0a71\u0a2a\u0a21\u0a47\u0a1f \u0a15\u0a30 \u0a38\u0a15\u0a26\u0a47 \u0a39\u0a3e\u0a02\u0964 \u0a15\u0a4b\u0a08 \u0a35\u0a40 \u0a2c\u0a26\u0a32\u0a3e\u0a05 \u0a07\u0a38 \u0a2a\u0a70\u0a28\u0a47 &#039;\u0a24\u0a47 \u0a2a\u0a4b\u0a38\u0a1f \u0a15\u0a40\u0a24\u0a3e \u0a1c\u0a3e\u0a35\u0a47\u0a17\u0a3e\u0964<\/p>","protected":false},"excerpt":{"rendered":"<p>\u0a07\u0a39 \u0a15\u0a42\u0a15\u0a40 \u0a28\u0a40\u0a24\u0a40 \u0a26\u0a71\u0a38\u0a26\u0a40 \u0a39\u0a48 \u0a15\u0a3f \u0a15\u0a42\u0a15\u0a40\u0a1c\u0a3c \u0a15\u0a40 \u0a39\u0a28, \u0a05\u0a38\u0a40\u0a02 https:\/\/watercenter.info\/ \u0a35\u0a48\u0a71\u0a2c\u0a38\u0a3e\u0a08\u0a1f &#039;\u0a24\u0a47 \u0a09\u0a28\u0a4d\u0a39\u0a3e\u0a02 \u0a26\u0a40 \u0a35\u0a30\u0a24\u0a4b\u0a02 \u0a15\u0a3f\u0a35\u0a47\u0a02 \u0a15\u0a30\u0a26\u0a47 \u0a39\u0a3e\u0a02, \u0a05\u0a24\u0a47 \u0a24\u0a41\u0a38\u0a40\u0a02 \u0a06\u0a2a\u0a23\u0a40\u0a06\u0a02 \u0a24\u0a30\u0a1c\u0a40\u0a39\u0a3e\u0a02 \u0a26\u0a3e \u0a2a\u0a4d\u0a30\u0a2c\u0a70\u0a27\u0a28 \u0a15\u0a3f\u0a35\u0a47\u0a02 \u0a15\u0a30 \u0a38\u0a15\u0a26\u0a47 \u0a39\u0a4b\u0964 1. \u0a15\u0a42\u0a15\u0a40\u0a1c\u0a3c \u0a15\u0a40 \u0a39\u0a28? \u0a15\u0a42\u0a15\u0a40\u0a1c\u0a3c \u0a1b\u0a4b\u0a1f\u0a40\u0a06\u0a02 \u0a1f\u0a48\u0a15\u0a38\u0a1f \u0a2b\u0a3e\u0a08\u0a32\u0a3e\u0a02 \u0a39\u0a41\u0a70\u0a26\u0a40\u0a06\u0a02 \u0a39\u0a28 \u0a1c\u0a4b \u0a24\u0a41\u0a39\u0a3e\u0a21\u0a47 \u0a2c\u0a4d\u0a30\u0a3e\u0a0a\u0a1c\u0a3c\u0a30 \u0a28\u0a42\u0a70 \u0a24\u0a41\u0a39\u0a3e\u0a21\u0a47 \u0a26\u0a41\u0a06\u0a30\u0a3e \u0a35\u0a3f\u0a1c\u0a3c\u0a3f\u0a1f \u0a15\u0a40\u0a24\u0a40 \u0a17\u0a08 \u0a35\u0a48\u0a71\u0a2c\u0a38\u0a3e\u0a08\u0a1f \u0a26\u0a41\u0a06\u0a30\u0a3e \u0a2d\u0a47\u0a1c\u0a40\u0a06\u0a02 \u0a1c\u0a3e\u0a02\u0a26\u0a40\u0a06\u0a02 \u0a39\u0a28\u0964 \u0a07\u0a39 \u0a35\u0a48\u0a71\u0a2c\u0a38\u0a3e\u0a08\u0a1f \u0a28\u0a42\u0a70 \u0a24\u0a41\u0a39\u0a3e\u0a21\u0a40 \u0a21\u0a3f\u0a35\u0a3e\u0a08\u0a38 \u0a28\u0a42\u0a70 \u0a2a\u0a1b\u0a3e\u0a23\u0a28 \u0a05\u0a24\u0a47 \u0a15\u0a41\u0a1d \u0a16\u0a3e\u0a38 \u0a1c\u0a3e\u0a23\u0a15\u0a3e\u0a30\u0a40 \u0a38\u0a1f\u0a4b\u0a30 \u0a15\u0a30\u0a28 \u0a35\u0a3f\u0a71\u0a1a \u0a2e\u0a26\u0a26 \u0a15\u0a30\u0a26\u0a40\u0a06\u0a02 \u0a39\u0a28\u0964<\/p>","protected":false},"author":2,"featured_media":0,"parent":0,"menu_order":0,"comment_status":"closed","ping_status":"closed","template":"","meta":{"_kad_post_transparent":"","_kad_post_title":"","_kad_post_layout":"","_kad_post_sidebar_id":"","_kad_post_content_style":"","_kad_post_vertical_padding":"","_kad_post_feature":"","_kad_post_feature_position":"","_kad_post_header":false,"_kad_post_footer":false,"footnotes":""},"class_list":["post-608","page","type-page","status-publish","hentry"],"yoast_head":"<!-- This site is optimized with the Yoast SEO plugin v26.1.1 - https:\/\/yoast.com\/wordpress\/plugins\/seo\/ -->\n<title>Pol\u00edtica de Cookies \u2013 Water Center - Water Center<\/title>\n<meta name=\"robots\" content=\"index, follow, max-snippet:-1, max-image-preview:large, max-video-preview:-1\" \/>\n<link rel=\"canonical\" href=\"https:\/\/watercenter.info\/pa\/politica-de-cookies-water-center\/\" \/>\n<meta property=\"og:locale\" content=\"pa_IN\" \/>\n<meta property=\"og:type\" content=\"article\" \/>\n<meta property=\"og:title\" content=\"Pol\u00edtica de Cookies \u2013 Water Center - Water Center\" \/>\n<meta property=\"og:description\" content=\"Esta Pol\u00edtica de Cookies explica o que s\u00e3o cookies, como os utilizamos no site https:\/\/watercenter.info\/ e como voc\u00ea pode gerenciar suas prefer\u00eancias. 1. O que s\u00e3o cookies? Cookies s\u00e3o pequenos arquivos de texto enviados para o seu navegador por um site que voc\u00ea visita. Eles ajudam o site a reconhecer seu dispositivo e armazenar algumas...\" \/>\n<meta property=\"og:url\" content=\"https:\/\/watercenter.info\/pa\/politica-de-cookies-water-center\/\" \/>\n<meta property=\"og:site_name\" content=\"Water Center\" \/>\n<meta property=\"article:modified_time\" content=\"2025-08-14T15:44:51+00:00\" \/>\n<meta name=\"twitter:card\" content=\"summary_large_image\" \/>\n<meta name=\"twitter:label1\" content=\"Est. reading time\" \/>\n\t<meta name=\"twitter:data1\" content=\"2 minutes\" \/>\n<script type=\"application\/ld+json\" class=\"yoast-schema-graph\">{\"@context\":\"https:\/\/schema.org\",\"@graph\":[{\"@type\":\"WebPage\",\"@id\":\"https:\/\/watercenter.info\/politica-de-cookies-water-center\/\",\"url\":\"https:\/\/watercenter.info\/politica-de-cookies-water-center\/\",\"name\":\"Pol\u00edtica de Cookies \u2013 Water Center - Water Center\",\"isPartOf\":{\"@id\":\"https:\/\/watercenter.info\/#website\"},\"datePublished\":\"2025-08-11T13:19:28+00:00\",\"dateModified\":\"2025-08-14T15:44:51+00:00\",\"breadcrumb\":{\"@id\":\"https:\/\/watercenter.info\/politica-de-cookies-water-center\/#breadcrumb\"},\"inLanguage\":\"pa-IN\",\"potentialAction\":[{\"@type\":\"ReadAction\",\"target\":[\"https:\/\/watercenter.info\/politica-de-cookies-water-center\/\"]}]},{\"@type\":\"BreadcrumbList\",\"@id\":\"https:\/\/watercenter.info\/politica-de-cookies-water-center\/#breadcrumb\",\"itemListElement\":[{\"@type\":\"ListItem\",\"position\":1,\"name\":\"Home\",\"item\":\"https:\/\/watercenter.info\/\"},{\"@type\":\"ListItem\",\"position\":2,\"name\":\"Pol\u00edtica de Cookies \u2013 Water Center\"}]},{\"@type\":\"WebSite\",\"@id\":\"https:\/\/watercenter.info\/#website\",\"url\":\"https:\/\/watercenter.info\/\",\"name\":\"Blog Sua Vida\",\"description\":\"\",\"publisher\":{\"@id\":\"https:\/\/watercenter.info\/#organization\"},\"potentialAction\":[{\"@type\":\"SearchAction\",\"target\":{\"@type\":\"EntryPoint\",\"urlTemplate\":\"https:\/\/watercenter.info\/?s={search_term_string}\"},\"query-input\":{\"@type\":\"PropertyValueSpecification\",\"valueRequired\":true,\"valueName\":\"search_term_string\"}}],\"inLanguage\":\"pa-IN\"},{\"@type\":\"Organization\",\"@id\":\"https:\/\/watercenter.info\/#organization\",\"name\":\"Blog Sua Vida\",\"url\":\"https:\/\/watercenter.info\/\",\"logo\":{\"@type\":\"ImageObject\",\"inLanguage\":\"pa-IN\",\"@id\":\"https:\/\/watercenter.info\/#\/schema\/logo\/image\/\",\"url\":\"https:\/\/watercenter.info\/wp-content\/uploads\/2025\/08\/cropped-unnamed-4.png\",\"contentUrl\":\"https:\/\/watercenter.info\/wp-content\/uploads\/2025\/08\/cropped-unnamed-4.png\",\"width\":500,\"height\":200,\"caption\":\"Blog Sua Vida\"},\"image\":{\"@id\":\"https:\/\/watercenter.info\/#\/schema\/logo\/image\/\"}}]}<\/script>\n<!-- \/ Yoast SEO plugin. -->","yoast_head_json":{"title":"Pol\u00edtica de Cookies \u2013 Water Center - Water Center","robots":{"index":"index","follow":"follow","max-snippet":"max-snippet:-1","max-image-preview":"max-image-preview:large","max-video-preview":"max-video-preview:-1"},"canonical":"https:\/\/watercenter.info\/pa\/politica-de-cookies-water-center\/","og_locale":"pa_IN","og_type":"article","og_title":"Pol\u00edtica de Cookies \u2013 Water Center - Water Center","og_description":"Esta Pol\u00edtica de Cookies explica o que s\u00e3o cookies, como os utilizamos no site https:\/\/watercenter.info\/ e como voc\u00ea pode gerenciar suas prefer\u00eancias. 1. O que s\u00e3o cookies? Cookies s\u00e3o pequenos arquivos de texto enviados para o seu navegador por um site que voc\u00ea visita. Eles ajudam o site a reconhecer seu dispositivo e armazenar algumas...","og_url":"https:\/\/watercenter.info\/pa\/politica-de-cookies-water-center\/","og_site_name":"Water Center","article_modified_time":"2025-08-14T15:44:51+00:00","twitter_card":"summary_large_image","twitter_misc":{"Est. reading time":"2 minutes"},"schema":{"@context":"https:\/\/schema.org","@graph":[{"@type":"WebPage","@id":"https:\/\/watercenter.info\/politica-de-cookies-water-center\/","url":"https:\/\/watercenter.info\/politica-de-cookies-water-center\/","name":"Pol\u00edtica de Cookies \u2013 Water Center - Water Center","isPartOf":{"@id":"https:\/\/watercenter.info\/#website"},"datePublished":"2025-08-11T13:19:28+00:00","dateModified":"2025-08-14T15:44:51+00:00","breadcrumb":{"@id":"https:\/\/watercenter.info\/politica-de-cookies-water-center\/#breadcrumb"},"inLanguage":"pa-IN","potentialAction":[{"@type":"ReadAction","target":["https:\/\/watercenter.info\/politica-de-cookies-water-center\/"]}]},{"@type":"BreadcrumbList","@id":"https:\/\/watercenter.info\/politica-de-cookies-water-center\/#breadcrumb","itemListElement":[{"@type":"ListItem","position":1,"name":"Home","item":"https:\/\/watercenter.info\/"},{"@type":"ListItem","position":2,"name":"Pol\u00edtica de Cookies \u2013 Water Center"}]},{"@type":"WebSite","@id":"https:\/\/watercenter.info\/#website","url":"https:\/\/watercenter.info\/","name":"\u0a24\u0a41\u0a39\u0a3e\u0a21\u0a3e \u0a1c\u0a40\u0a35\u0a28 \u0a2c\u0a32\u0a4c\u0a17","description":"","publisher":{"@id":"https:\/\/watercenter.info\/#organization"},"potentialAction":[{"@type":"SearchAction","target":{"@type":"EntryPoint","urlTemplate":"https:\/\/watercenter.info\/?s={search_term_string}"},"query-input":{"@type":"PropertyValueSpecification","valueRequired":true,"valueName":"search_term_string"}}],"inLanguage":"pa-IN"},{"@type":"Organization","@id":"https:\/\/watercenter.info\/#organization","name":"\u0a24\u0a41\u0a39\u0a3e\u0a21\u0a3e \u0a1c\u0a40\u0a35\u0a28 \u0a2c\u0a32\u0a4c\u0a17","url":"https:\/\/watercenter.info\/","logo":{"@type":"ImageObject","inLanguage":"pa-IN","@id":"https:\/\/watercenter.info\/#\/schema\/logo\/image\/","url":"https:\/\/watercenter.info\/wp-content\/uploads\/2025\/08\/cropped-unnamed-4.png","contentUrl":"https:\/\/watercenter.info\/wp-content\/uploads\/2025\/08\/cropped-unnamed-4.png","width":500,"height":200,"caption":"Blog Sua Vida"},"image":{"@id":"https:\/\/watercenter.info\/#\/schema\/logo\/image\/"}}]}},"_links":{"self":[{"href":"https:\/\/watercenter.info\/pa\/wp-json\/wp\/v2\/pages\/608","targetHints":{"allow":["GET"]}}],"collection":[{"href":"https:\/\/watercenter.info\/pa\/wp-json\/wp\/v2\/pages"}],"about":[{"href":"https:\/\/watercenter.info\/pa\/wp-json\/wp\/v2\/types\/page"}],"author":[{"embeddable":true,"href":"https:\/\/watercenter.info\/pa\/wp-json\/wp\/v2\/users\/2"}],"replies":[{"embeddable":true,"href":"https:\/\/watercenter.info\/pa\/wp-json\/wp\/v2\/comments?post=608"}],"version-history":[{"count":2,"href":"https:\/\/watercenter.info\/pa\/wp-json\/wp\/v2\/pages\/608\/revisions"}],"predecessor-version":[{"id":672,"href":"https:\/\/watercenter.info\/pa\/wp-json\/wp\/v2\/pages\/608\/revisions\/672"}],"wp:attachment":[{"href":"https:\/\/watercenter.info\/pa\/wp-json\/wp\/v2\/media?parent=608"}],"curies":[{"name":"\u0a21\u0a2c\u0a32\u0a2f\u0a42\u0a2a\u0a40","href":"https:\/\/api.w.org\/{rel}","templated":true}]}}