{"id":612,"date":"2025-08-11T13:20:44","date_gmt":"2025-08-11T13:20:44","guid":{"rendered":"https:\/\/watercenter.info\/?page_id=612"},"modified":"2025-08-14T15:46:37","modified_gmt":"2025-08-14T15:46:37","slug":"quem-somos-water-center","status":"publish","type":"page","link":"https:\/\/watercenter.info\/it\/quem-somos-water-center\/","title":{"rendered":"Chi siamo \u2013 Water Center"},"content":{"rendered":"<p>IL <strong>Centro idrico<\/strong> Nato dalla passione per la tecnologia, il marketing e l&#039;apprendimento continuo, il blog \u00e8 stato creato da uno studente di programmazione che lavora anche nella gestione del traffico e condivide esperienze di vita reale, consigli pratici e contenuti che aiutano gli altri a evolversi nel mondo digitale.<\/p>\n\n\n\n<p>Il nostro obiettivo \u00e8 dimostrare che \u00e8 possibile conciliare studio, lavoro e vita personale senza sacrificare la crescita professionale. Qui troverete di tutto, dalle storie sulle sfide e i successi del percorso di un programmatore alle strategie per ottimizzare le campagne di marketing digitale e aumentare i risultati.<\/p>\n\n\n\n<p>Crediamo che la conoscenza debba essere condivisa in modo chiaro, accessibile e stimolante. Per questo motivo, tutti i contenuti sono realizzati con cura per offrire il meglio ai nostri lettori.<\/p>\n\n\n\n<p>Che tu sia un principiante della programmazione, un appassionato di marketing digitale o qualcuno che desidera unire le due cose per creare nuove opportunit\u00e0, questo \u00e8 il tuo spazio per imparare, scambiare idee e crescere insieme.<\/p>","protected":false},"excerpt":{"rendered":"<p>Water Center nasce dalla passione per la tecnologia, il marketing e l&#039;apprendimento continuo. Creato da uno studente di programmazione che lavora anche nella gestione del traffico, il blog condivide esperienze di vita reale, consigli pratici e contenuti che aiutano gli altri a evolversi nel mondo digitale. Il nostro obiettivo \u00e8 dimostrare che \u00e8...<\/p>","protected":false},"author":2,"featured_media":0,"parent":0,"menu_order":0,"comment_status":"closed","ping_status":"closed","template":"","meta":{"_kad_post_transparent":"","_kad_post_title":"","_kad_post_layout":"","_kad_post_sidebar_id":"","_kad_post_content_style":"","_kad_post_vertical_padding":"","_kad_post_feature":"","_kad_post_feature_position":"","_kad_post_header":false,"_kad_post_footer":false,"footnotes":""},"class_list":["post-612","page","type-page","status-publish","hentry"],"yoast_head":"<!-- This site is optimized with the Yoast SEO plugin v26.1.1 - https:\/\/yoast.com\/wordpress\/plugins\/seo\/ -->\n<title>Quem Somos \u2013 Water Center - Water Center<\/title>\n<meta name=\"robots\" content=\"index, follow, max-snippet:-1, max-image-preview:large, max-video-preview:-1\" \/>\n<link rel=\"canonical\" href=\"https:\/\/watercenter.info\/it\/quem-somos-water-center\/\" \/>\n<meta property=\"og:locale\" content=\"it_IT\" \/>\n<meta property=\"og:type\" content=\"article\" \/>\n<meta property=\"og:title\" content=\"Quem Somos \u2013 Water Center - Water Center\" \/>\n<meta property=\"og:description\" content=\"O Water Center nasceu da paix\u00e3o por tecnologia, marketing e aprendizado cont\u00ednuo. Criado por um estudante de programa\u00e7\u00e3o que tamb\u00e9m atua na \u00e1rea de gest\u00e3o de tr\u00e1fego, o blog compartilha experi\u00eancias reais do dia a dia, dicas pr\u00e1ticas e conte\u00fados que ajudam outras pessoas a evolu\u00edrem no mundo digital. Nosso objetivo \u00e9 mostrar que \u00e9...\" \/>\n<meta property=\"og:url\" content=\"https:\/\/watercenter.info\/it\/quem-somos-water-center\/\" \/>\n<meta property=\"og:site_name\" content=\"Water Center\" \/>\n<meta property=\"article:modified_time\" content=\"2025-08-14T15:46:37+00:00\" \/>\n<meta name=\"twitter:card\" content=\"summary_large_image\" \/>\n<meta name=\"twitter:label1\" content=\"Tempo di lettura stimato\" \/>\n\t<meta name=\"twitter:data1\" content=\"1 minuto\" \/>\n<script type=\"application\/ld+json\" class=\"yoast-schema-graph\">{\"@context\":\"https:\/\/schema.org\",\"@graph\":[{\"@type\":\"WebPage\",\"@id\":\"https:\/\/watercenter.info\/quem-somos-water-center\/\",\"url\":\"https:\/\/watercenter.info\/quem-somos-water-center\/\",\"name\":\"Quem Somos \u2013 Water Center - Water Center\",\"isPartOf\":{\"@id\":\"https:\/\/watercenter.info\/#website\"},\"datePublished\":\"2025-08-11T13:20:44+00:00\",\"dateModified\":\"2025-08-14T15:46:37+00:00\",\"breadcrumb\":{\"@id\":\"https:\/\/watercenter.info\/quem-somos-water-center\/#breadcrumb\"},\"inLanguage\":\"it-IT\",\"potentialAction\":[{\"@type\":\"ReadAction\",\"target\":[\"https:\/\/watercenter.info\/quem-somos-water-center\/\"]}]},{\"@type\":\"BreadcrumbList\",\"@id\":\"https:\/\/watercenter.info\/quem-somos-water-center\/#breadcrumb\",\"itemListElement\":[{\"@type\":\"ListItem\",\"position\":1,\"name\":\"Home\",\"item\":\"https:\/\/watercenter.info\/\"},{\"@type\":\"ListItem\",\"position\":2,\"name\":\"Quem Somos \u2013 Water Center\"}]},{\"@type\":\"WebSite\",\"@id\":\"https:\/\/watercenter.info\/#website\",\"url\":\"https:\/\/watercenter.info\/\",\"name\":\"Blog Sua Vida\",\"description\":\"\",\"publisher\":{\"@id\":\"https:\/\/watercenter.info\/#organization\"},\"potentialAction\":[{\"@type\":\"SearchAction\",\"target\":{\"@type\":\"EntryPoint\",\"urlTemplate\":\"https:\/\/watercenter.info\/?s={search_term_string}\"},\"query-input\":{\"@type\":\"PropertyValueSpecification\",\"valueRequired\":true,\"valueName\":\"search_term_string\"}}],\"inLanguage\":\"it-IT\"},{\"@type\":\"Organization\",\"@id\":\"https:\/\/watercenter.info\/#organization\",\"name\":\"Blog Sua Vida\",\"url\":\"https:\/\/watercenter.info\/\",\"logo\":{\"@type\":\"ImageObject\",\"inLanguage\":\"it-IT\",\"@id\":\"https:\/\/watercenter.info\/#\/schema\/logo\/image\/\",\"url\":\"https:\/\/watercenter.info\/wp-content\/uploads\/2025\/08\/cropped-unnamed-4.png\",\"contentUrl\":\"https:\/\/watercenter.info\/wp-content\/uploads\/2025\/08\/cropped-unnamed-4.png\",\"width\":500,\"height\":200,\"caption\":\"Blog Sua Vida\"},\"image\":{\"@id\":\"https:\/\/watercenter.info\/#\/schema\/logo\/image\/\"}}]}<\/script>\n<!-- \/ Yoast SEO plugin. -->","yoast_head_json":{"title":"Quem Somos \u2013 Water Center - Water Center","robots":{"index":"index","follow":"follow","max-snippet":"max-snippet:-1","max-image-preview":"max-image-preview:large","max-video-preview":"max-video-preview:-1"},"canonical":"https:\/\/watercenter.info\/it\/quem-somos-water-center\/","og_locale":"it_IT","og_type":"article","og_title":"Quem Somos \u2013 Water Center - Water Center","og_description":"O Water Center nasceu da paix\u00e3o por tecnologia, marketing e aprendizado cont\u00ednuo. Criado por um estudante de programa\u00e7\u00e3o que tamb\u00e9m atua na \u00e1rea de gest\u00e3o de tr\u00e1fego, o blog compartilha experi\u00eancias reais do dia a dia, dicas pr\u00e1ticas e conte\u00fados que ajudam outras pessoas a evolu\u00edrem no mundo digital. Nosso objetivo \u00e9 mostrar que \u00e9...","og_url":"https:\/\/watercenter.info\/it\/quem-somos-water-center\/","og_site_name":"Water Center","article_modified_time":"2025-08-14T15:46:37+00:00","twitter_card":"summary_large_image","twitter_misc":{"Tempo di lettura stimato":"1 minuto"},"schema":{"@context":"https:\/\/schema.org","@graph":[{"@type":"WebPage","@id":"https:\/\/watercenter.info\/quem-somos-water-center\/","url":"https:\/\/watercenter.info\/quem-somos-water-center\/","name":"Quem Somos \u2013 Water Center - Water Center","isPartOf":{"@id":"https:\/\/watercenter.info\/#website"},"datePublished":"2025-08-11T13:20:44+00:00","dateModified":"2025-08-14T15:46:37+00:00","breadcrumb":{"@id":"https:\/\/watercenter.info\/quem-somos-water-center\/#breadcrumb"},"inLanguage":"it-IT","potentialAction":[{"@type":"ReadAction","target":["https:\/\/watercenter.info\/quem-somos-water-center\/"]}]},{"@type":"BreadcrumbList","@id":"https:\/\/watercenter.info\/quem-somos-water-center\/#breadcrumb","itemListElement":[{"@type":"ListItem","position":1,"name":"Home","item":"https:\/\/watercenter.info\/"},{"@type":"ListItem","position":2,"name":"Quem Somos \u2013 Water Center"}]},{"@type":"WebSite","@id":"https:\/\/watercenter.info\/#website","url":"https:\/\/watercenter.info\/","name":"Il tuo blog di vita","description":"","publisher":{"@id":"https:\/\/watercenter.info\/#organization"},"potentialAction":[{"@type":"SearchAction","target":{"@type":"EntryPoint","urlTemplate":"https:\/\/watercenter.info\/?s={search_term_string}"},"query-input":{"@type":"PropertyValueSpecification","valueRequired":true,"valueName":"search_term_string"}}],"inLanguage":"it-IT"},{"@type":"Organization","@id":"https:\/\/watercenter.info\/#organization","name":"Il tuo blog di vita","url":"https:\/\/watercenter.info\/","logo":{"@type":"ImageObject","inLanguage":"it-IT","@id":"https:\/\/watercenter.info\/#\/schema\/logo\/image\/","url":"https:\/\/watercenter.info\/wp-content\/uploads\/2025\/08\/cropped-unnamed-4.png","contentUrl":"https:\/\/watercenter.info\/wp-content\/uploads\/2025\/08\/cropped-unnamed-4.png","width":500,"height":200,"caption":"Blog Sua Vida"},"image":{"@id":"https:\/\/watercenter.info\/#\/schema\/logo\/image\/"}}]}},"_links":{"self":[{"href":"https:\/\/watercenter.info\/it\/wp-json\/wp\/v2\/pages\/612","targetHints":{"allow":["GET"]}}],"collection":[{"href":"https:\/\/watercenter.info\/it\/wp-json\/wp\/v2\/pages"}],"about":[{"href":"https:\/\/watercenter.info\/it\/wp-json\/wp\/v2\/types\/page"}],"author":[{"embeddable":true,"href":"https:\/\/watercenter.info\/it\/wp-json\/wp\/v2\/users\/2"}],"replies":[{"embeddable":true,"href":"https:\/\/watercenter.info\/it\/wp-json\/wp\/v2\/comments?post=612"}],"version-history":[{"count":2,"href":"https:\/\/watercenter.info\/it\/wp-json\/wp\/v2\/pages\/612\/revisions"}],"predecessor-version":[{"id":675,"href":"https:\/\/watercenter.info\/it\/wp-json\/wp\/v2\/pages\/612\/revisions\/675"}],"wp:attachment":[{"href":"https:\/\/watercenter.info\/it\/wp-json\/wp\/v2\/media?parent=612"}],"curies":[{"name":"parola chiave","href":"https:\/\/api.w.org\/{rel}","templated":true}]}}