{"id":612,"date":"2025-08-11T13:20:44","date_gmt":"2025-08-11T13:20:44","guid":{"rendered":"https:\/\/watercenter.info\/?page_id=612"},"modified":"2025-08-14T15:46:37","modified_gmt":"2025-08-14T15:46:37","slug":"quem-somos-water-center","status":"publish","type":"page","link":"https:\/\/watercenter.info\/fr\/quem-somos-water-center\/","title":{"rendered":"Qui sommes-nous \u2013 Centre de l&#039;eau"},"content":{"rendered":"<p>LE <strong>Centre aquatique<\/strong> N\u00e9 d&#039;une passion pour la technologie, le marketing et l&#039;apprentissage continu, ce blog, cr\u00e9\u00e9 par un \u00e9tudiant en programmation travaillant \u00e9galement dans la gestion du trafic, partage des exp\u00e9riences v\u00e9cues, des conseils pratiques et du contenu qui aide les autres \u00e0 \u00e9voluer dans le monde num\u00e9rique.<\/p>\n\n\n\n<p>Notre objectif est de montrer qu&#039;il est possible de concilier \u00e9tudes, travail et vie personnelle sans sacrifier l&#039;\u00e9panouissement professionnel. Vous trouverez ici des t\u00e9moignages sur les d\u00e9fis et les r\u00e9ussites d&#039;un programmeur, ainsi que des strat\u00e9gies pour optimiser ses campagnes de marketing num\u00e9rique et optimiser ses r\u00e9sultats.<\/p>\n\n\n\n<p>Nous pensons que le savoir doit \u00eatre partag\u00e9 de mani\u00e8re claire, accessible et inspirante. C&#039;est pourquoi tous nos contenus sont soigneusement \u00e9labor\u00e9s pour offrir le meilleur \u00e0 nos lecteurs.<\/p>\n\n\n\n<p>Que vous soyez un d\u00e9butant en programmation, un passionn\u00e9 de marketing num\u00e9rique ou quelqu&#039;un qui souhaite combiner les deux pour cr\u00e9er de nouvelles opportunit\u00e9s, c&#039;est votre espace pour apprendre, \u00e9changer des id\u00e9es et grandir ensemble.<\/p>","protected":false},"excerpt":{"rendered":"<p>Water Center est n\u00e9 d&#039;une passion pour la technologie, le marketing et l&#039;apprentissage continu. Cr\u00e9\u00e9 par un \u00e9tudiant en programmation qui travaille \u00e9galement dans la gestion du trafic, ce blog partage des exp\u00e9riences concr\u00e8tes, des conseils pratiques et du contenu pour aider chacun \u00e0 \u00e9voluer dans le monde num\u00e9rique. Notre objectif est de montrer que c&#039;est possible\u2026<\/p>","protected":false},"author":2,"featured_media":0,"parent":0,"menu_order":0,"comment_status":"closed","ping_status":"closed","template":"","meta":{"_kad_post_transparent":"","_kad_post_title":"","_kad_post_layout":"","_kad_post_sidebar_id":"","_kad_post_content_style":"","_kad_post_vertical_padding":"","_kad_post_feature":"","_kad_post_feature_position":"","_kad_post_header":false,"_kad_post_footer":false,"footnotes":""},"class_list":["post-612","page","type-page","status-publish","hentry"],"yoast_head":"<!-- This site is optimized with the Yoast SEO plugin v26.1.1 - https:\/\/yoast.com\/wordpress\/plugins\/seo\/ -->\n<title>Quem Somos \u2013 Water Center - Water Center<\/title>\n<meta name=\"robots\" content=\"index, follow, max-snippet:-1, max-image-preview:large, max-video-preview:-1\" \/>\n<link rel=\"canonical\" href=\"https:\/\/watercenter.info\/fr\/quem-somos-water-center\/\" \/>\n<meta property=\"og:locale\" content=\"fr_FR\" \/>\n<meta property=\"og:type\" content=\"article\" \/>\n<meta property=\"og:title\" content=\"Quem Somos \u2013 Water Center - Water Center\" \/>\n<meta property=\"og:description\" content=\"O Water Center nasceu da paix\u00e3o por tecnologia, marketing e aprendizado cont\u00ednuo. Criado por um estudante de programa\u00e7\u00e3o que tamb\u00e9m atua na \u00e1rea de gest\u00e3o de tr\u00e1fego, o blog compartilha experi\u00eancias reais do dia a dia, dicas pr\u00e1ticas e conte\u00fados que ajudam outras pessoas a evolu\u00edrem no mundo digital. Nosso objetivo \u00e9 mostrar que \u00e9...\" \/>\n<meta property=\"og:url\" content=\"https:\/\/watercenter.info\/fr\/quem-somos-water-center\/\" \/>\n<meta property=\"og:site_name\" content=\"Water Center\" \/>\n<meta property=\"article:modified_time\" content=\"2025-08-14T15:46:37+00:00\" \/>\n<meta name=\"twitter:card\" content=\"summary_large_image\" \/>\n<meta name=\"twitter:label1\" content=\"Dur\u00e9e de lecture estim\u00e9e\" \/>\n\t<meta name=\"twitter:data1\" content=\"1 minute\" \/>\n<script type=\"application\/ld+json\" class=\"yoast-schema-graph\">{\"@context\":\"https:\/\/schema.org\",\"@graph\":[{\"@type\":\"WebPage\",\"@id\":\"https:\/\/watercenter.info\/quem-somos-water-center\/\",\"url\":\"https:\/\/watercenter.info\/quem-somos-water-center\/\",\"name\":\"Quem Somos \u2013 Water Center - Water Center\",\"isPartOf\":{\"@id\":\"https:\/\/watercenter.info\/#website\"},\"datePublished\":\"2025-08-11T13:20:44+00:00\",\"dateModified\":\"2025-08-14T15:46:37+00:00\",\"breadcrumb\":{\"@id\":\"https:\/\/watercenter.info\/quem-somos-water-center\/#breadcrumb\"},\"inLanguage\":\"fr-FR\",\"potentialAction\":[{\"@type\":\"ReadAction\",\"target\":[\"https:\/\/watercenter.info\/quem-somos-water-center\/\"]}]},{\"@type\":\"BreadcrumbList\",\"@id\":\"https:\/\/watercenter.info\/quem-somos-water-center\/#breadcrumb\",\"itemListElement\":[{\"@type\":\"ListItem\",\"position\":1,\"name\":\"Home\",\"item\":\"https:\/\/watercenter.info\/\"},{\"@type\":\"ListItem\",\"position\":2,\"name\":\"Quem Somos \u2013 Water Center\"}]},{\"@type\":\"WebSite\",\"@id\":\"https:\/\/watercenter.info\/#website\",\"url\":\"https:\/\/watercenter.info\/\",\"name\":\"Blog Sua Vida\",\"description\":\"\",\"publisher\":{\"@id\":\"https:\/\/watercenter.info\/#organization\"},\"potentialAction\":[{\"@type\":\"SearchAction\",\"target\":{\"@type\":\"EntryPoint\",\"urlTemplate\":\"https:\/\/watercenter.info\/?s={search_term_string}\"},\"query-input\":{\"@type\":\"PropertyValueSpecification\",\"valueRequired\":true,\"valueName\":\"search_term_string\"}}],\"inLanguage\":\"fr-FR\"},{\"@type\":\"Organization\",\"@id\":\"https:\/\/watercenter.info\/#organization\",\"name\":\"Blog Sua Vida\",\"url\":\"https:\/\/watercenter.info\/\",\"logo\":{\"@type\":\"ImageObject\",\"inLanguage\":\"fr-FR\",\"@id\":\"https:\/\/watercenter.info\/#\/schema\/logo\/image\/\",\"url\":\"https:\/\/watercenter.info\/wp-content\/uploads\/2025\/08\/cropped-unnamed-4.png\",\"contentUrl\":\"https:\/\/watercenter.info\/wp-content\/uploads\/2025\/08\/cropped-unnamed-4.png\",\"width\":500,\"height\":200,\"caption\":\"Blog Sua Vida\"},\"image\":{\"@id\":\"https:\/\/watercenter.info\/#\/schema\/logo\/image\/\"}}]}<\/script>\n<!-- \/ Yoast SEO plugin. -->","yoast_head_json":{"title":"Quem Somos \u2013 Water Center - Water Center","robots":{"index":"index","follow":"follow","max-snippet":"max-snippet:-1","max-image-preview":"max-image-preview:large","max-video-preview":"max-video-preview:-1"},"canonical":"https:\/\/watercenter.info\/fr\/quem-somos-water-center\/","og_locale":"fr_FR","og_type":"article","og_title":"Quem Somos \u2013 Water Center - Water Center","og_description":"O Water Center nasceu da paix\u00e3o por tecnologia, marketing e aprendizado cont\u00ednuo. Criado por um estudante de programa\u00e7\u00e3o que tamb\u00e9m atua na \u00e1rea de gest\u00e3o de tr\u00e1fego, o blog compartilha experi\u00eancias reais do dia a dia, dicas pr\u00e1ticas e conte\u00fados que ajudam outras pessoas a evolu\u00edrem no mundo digital. Nosso objetivo \u00e9 mostrar que \u00e9...","og_url":"https:\/\/watercenter.info\/fr\/quem-somos-water-center\/","og_site_name":"Water Center","article_modified_time":"2025-08-14T15:46:37+00:00","twitter_card":"summary_large_image","twitter_misc":{"Dur\u00e9e de lecture estim\u00e9e":"1 minute"},"schema":{"@context":"https:\/\/schema.org","@graph":[{"@type":"WebPage","@id":"https:\/\/watercenter.info\/quem-somos-water-center\/","url":"https:\/\/watercenter.info\/quem-somos-water-center\/","name":"Quem Somos \u2013 Water Center - Water Center","isPartOf":{"@id":"https:\/\/watercenter.info\/#website"},"datePublished":"2025-08-11T13:20:44+00:00","dateModified":"2025-08-14T15:46:37+00:00","breadcrumb":{"@id":"https:\/\/watercenter.info\/quem-somos-water-center\/#breadcrumb"},"inLanguage":"fr-FR","potentialAction":[{"@type":"ReadAction","target":["https:\/\/watercenter.info\/quem-somos-water-center\/"]}]},{"@type":"BreadcrumbList","@id":"https:\/\/watercenter.info\/quem-somos-water-center\/#breadcrumb","itemListElement":[{"@type":"ListItem","position":1,"name":"Home","item":"https:\/\/watercenter.info\/"},{"@type":"ListItem","position":2,"name":"Quem Somos \u2013 Water Center"}]},{"@type":"WebSite","@id":"https:\/\/watercenter.info\/#website","url":"https:\/\/watercenter.info\/","name":"Votre blog de vie","description":"","publisher":{"@id":"https:\/\/watercenter.info\/#organization"},"potentialAction":[{"@type":"SearchAction","target":{"@type":"EntryPoint","urlTemplate":"https:\/\/watercenter.info\/?s={search_term_string}"},"query-input":{"@type":"PropertyValueSpecification","valueRequired":true,"valueName":"search_term_string"}}],"inLanguage":"fr-FR"},{"@type":"Organization","@id":"https:\/\/watercenter.info\/#organization","name":"Votre blog de vie","url":"https:\/\/watercenter.info\/","logo":{"@type":"ImageObject","inLanguage":"fr-FR","@id":"https:\/\/watercenter.info\/#\/schema\/logo\/image\/","url":"https:\/\/watercenter.info\/wp-content\/uploads\/2025\/08\/cropped-unnamed-4.png","contentUrl":"https:\/\/watercenter.info\/wp-content\/uploads\/2025\/08\/cropped-unnamed-4.png","width":500,"height":200,"caption":"Blog Sua Vida"},"image":{"@id":"https:\/\/watercenter.info\/#\/schema\/logo\/image\/"}}]}},"_links":{"self":[{"href":"https:\/\/watercenter.info\/fr\/wp-json\/wp\/v2\/pages\/612","targetHints":{"allow":["GET"]}}],"collection":[{"href":"https:\/\/watercenter.info\/fr\/wp-json\/wp\/v2\/pages"}],"about":[{"href":"https:\/\/watercenter.info\/fr\/wp-json\/wp\/v2\/types\/page"}],"author":[{"embeddable":true,"href":"https:\/\/watercenter.info\/fr\/wp-json\/wp\/v2\/users\/2"}],"replies":[{"embeddable":true,"href":"https:\/\/watercenter.info\/fr\/wp-json\/wp\/v2\/comments?post=612"}],"version-history":[{"count":2,"href":"https:\/\/watercenter.info\/fr\/wp-json\/wp\/v2\/pages\/612\/revisions"}],"predecessor-version":[{"id":675,"href":"https:\/\/watercenter.info\/fr\/wp-json\/wp\/v2\/pages\/612\/revisions\/675"}],"wp:attachment":[{"href":"https:\/\/watercenter.info\/fr\/wp-json\/wp\/v2\/media?parent=612"}],"curies":[{"name":"wp","href":"https:\/\/api.w.org\/{rel}","templated":true}]}}