{"id":608,"date":"2025-08-11T13:19:28","date_gmt":"2025-08-11T13:19:28","guid":{"rendered":"https:\/\/watercenter.info\/?page_id=608"},"modified":"2025-08-14T15:44:51","modified_gmt":"2025-08-14T15:44:51","slug":"politica-de-cookies-water-center","status":"publish","type":"page","link":"https:\/\/watercenter.info\/es\/politica-de-cookies-water-center\/","title":{"rendered":"Pol\u00edtica de cookies \u2013 Centro del agua"},"content":{"rendered":"<p>Esta Pol\u00edtica de Cookies explica qu\u00e9 son las cookies y c\u00f3mo las utilizamos en el sitio web. <strong><a class=\"\" href=\"https:\/\/watercenter.info\/es\/\">https:\/\/watercenter.info\/<\/a><\/strong> y c\u00f3mo puedes gestionar tus preferencias.<\/p>\n\n\n\n<h2 class=\"wp-block-heading\">1. \u00bfQu\u00e9 son las cookies?<\/h2>\n\n\n\n<p>Las cookies son peque\u00f1os archivos de texto que un sitio web env\u00eda a tu navegador. Ayudan al sitio web a reconocer tu dispositivo y a almacenar informaci\u00f3n sobre tus preferencias y actividades de navegaci\u00f3n.<\/p>\n\n\n\n<h2 class=\"wp-block-heading\">2. C\u00f3mo utilizamos las cookies<\/h2>\n\n\n\n<p>Utilizamos cookies para:<\/p>\n\n\n\n<ul class=\"wp-block-list\">\n<li>Mejorar la funcionalidad y el rendimiento del sitio web.<\/li>\n\n\n\n<li>Personaliza la experiencia del usuario.<\/li>\n\n\n\n<li>Analizar las estad\u00edsticas de acceso y el comportamiento de navegaci\u00f3n.<\/li>\n\n\n\n<li>Mostrar anuncios relevantes, cuando corresponda.<\/li>\n<\/ul>\n\n\n\n<h2 class=\"wp-block-heading\">3. Tipos de cookies que utilizamos<\/h2>\n\n\n\n<ul class=\"wp-block-list\">\n<li><strong>Cookies esenciales:<\/strong> necesario para el funcionamiento b\u00e1sico del sitio<\/li>\n\n\n\n<li><strong>Cookies de rendimiento:<\/strong> Recopilan informaci\u00f3n an\u00f3nima sobre c\u00f3mo los visitantes utilizan el sitio.<\/li>\n\n\n\n<li><strong>Cookies de funcionalidad:<\/strong> Recuerdan tus preferencias y elecciones.<\/li>\n\n\n\n<li><strong>Cookies publicitarias:<\/strong> Se utiliza para mostrarte anuncios personalizados basados en tus intereses.<\/li>\n<\/ul>\n\n\n\n<h2 class=\"wp-block-heading\">4. Control de cookies<\/h2>\n\n\n\n<p>Puedes gestionar o desactivar las cookies en la configuraci\u00f3n de tu navegador. Sin embargo, esto podr\u00eda afectar al funcionamiento del sitio web.<\/p>\n\n\n\n<p>Enlaces \u00fatiles para gestionar las cookies en los principales navegadores:<\/p>\n\n\n\n<ul class=\"wp-block-list\">\n<li><a>Google Chrome<\/a><\/li>\n\n\n\n<li><a>Mozilla Firefox<\/a><\/li>\n\n\n\n<li><a>Microsoft Edge<\/a><\/li>\n\n\n\n<li><a>Safari<\/a><\/li>\n<\/ul>\n\n\n\n<h2 class=\"wp-block-heading\">5. Cambios en esta pol\u00edtica<\/h2>\n\n\n\n<p>Es posible que actualicemos esta Pol\u00edtica de Cookies peri\u00f3dicamente. Cualquier cambio se publicar\u00e1 en esta p\u00e1gina.<\/p>","protected":false},"excerpt":{"rendered":"<p>Esta Pol\u00edtica de Cookies explica qu\u00e9 son las cookies, c\u00f3mo las utilizamos en el sitio web https:\/\/watercenter.info\/ y c\u00f3mo puede gestionar sus preferencias. 1. \u00bfQu\u00e9 son las cookies? Las cookies son peque\u00f1os archivos de texto que un sitio web env\u00eda a su navegador. Ayudan al sitio web a reconocer su dispositivo y a almacenar cierta informaci\u00f3n\u2026<\/p>","protected":false},"author":2,"featured_media":0,"parent":0,"menu_order":0,"comment_status":"closed","ping_status":"closed","template":"","meta":{"_kad_post_transparent":"","_kad_post_title":"","_kad_post_layout":"","_kad_post_sidebar_id":"","_kad_post_content_style":"","_kad_post_vertical_padding":"","_kad_post_feature":"","_kad_post_feature_position":"","_kad_post_header":false,"_kad_post_footer":false,"footnotes":""},"class_list":["post-608","page","type-page","status-publish","hentry"],"yoast_head":"<!-- This site is optimized with the Yoast SEO plugin v26.1.1 - https:\/\/yoast.com\/wordpress\/plugins\/seo\/ -->\n<title>Pol\u00edtica de Cookies \u2013 Water Center - Water Center<\/title>\n<meta name=\"robots\" content=\"index, follow, max-snippet:-1, max-image-preview:large, max-video-preview:-1\" \/>\n<link rel=\"canonical\" href=\"https:\/\/watercenter.info\/es\/politica-de-cookies-water-center\/\" \/>\n<meta property=\"og:locale\" content=\"es_MX\" \/>\n<meta property=\"og:type\" content=\"article\" \/>\n<meta property=\"og:title\" content=\"Pol\u00edtica de Cookies \u2013 Water Center - Water Center\" \/>\n<meta property=\"og:description\" content=\"Esta Pol\u00edtica de Cookies explica o que s\u00e3o cookies, como os utilizamos no site https:\/\/watercenter.info\/ e como voc\u00ea pode gerenciar suas prefer\u00eancias. 1. O que s\u00e3o cookies? Cookies s\u00e3o pequenos arquivos de texto enviados para o seu navegador por um site que voc\u00ea visita. Eles ajudam o site a reconhecer seu dispositivo e armazenar algumas...\" \/>\n<meta property=\"og:url\" content=\"https:\/\/watercenter.info\/es\/politica-de-cookies-water-center\/\" \/>\n<meta property=\"og:site_name\" content=\"Water Center\" \/>\n<meta property=\"article:modified_time\" content=\"2025-08-14T15:44:51+00:00\" \/>\n<meta name=\"twitter:card\" content=\"summary_large_image\" \/>\n<meta name=\"twitter:label1\" content=\"Tiempo de lectura\" \/>\n\t<meta name=\"twitter:data1\" content=\"2 minutos\" \/>\n<script type=\"application\/ld+json\" class=\"yoast-schema-graph\">{\"@context\":\"https:\/\/schema.org\",\"@graph\":[{\"@type\":\"WebPage\",\"@id\":\"https:\/\/watercenter.info\/politica-de-cookies-water-center\/\",\"url\":\"https:\/\/watercenter.info\/politica-de-cookies-water-center\/\",\"name\":\"Pol\u00edtica de Cookies \u2013 Water Center - Water Center\",\"isPartOf\":{\"@id\":\"https:\/\/watercenter.info\/#website\"},\"datePublished\":\"2025-08-11T13:19:28+00:00\",\"dateModified\":\"2025-08-14T15:44:51+00:00\",\"breadcrumb\":{\"@id\":\"https:\/\/watercenter.info\/politica-de-cookies-water-center\/#breadcrumb\"},\"inLanguage\":\"es\",\"potentialAction\":[{\"@type\":\"ReadAction\",\"target\":[\"https:\/\/watercenter.info\/politica-de-cookies-water-center\/\"]}]},{\"@type\":\"BreadcrumbList\",\"@id\":\"https:\/\/watercenter.info\/politica-de-cookies-water-center\/#breadcrumb\",\"itemListElement\":[{\"@type\":\"ListItem\",\"position\":1,\"name\":\"Home\",\"item\":\"https:\/\/watercenter.info\/\"},{\"@type\":\"ListItem\",\"position\":2,\"name\":\"Pol\u00edtica de Cookies \u2013 Water Center\"}]},{\"@type\":\"WebSite\",\"@id\":\"https:\/\/watercenter.info\/#website\",\"url\":\"https:\/\/watercenter.info\/\",\"name\":\"Blog Sua Vida\",\"description\":\"\",\"publisher\":{\"@id\":\"https:\/\/watercenter.info\/#organization\"},\"potentialAction\":[{\"@type\":\"SearchAction\",\"target\":{\"@type\":\"EntryPoint\",\"urlTemplate\":\"https:\/\/watercenter.info\/?s={search_term_string}\"},\"query-input\":{\"@type\":\"PropertyValueSpecification\",\"valueRequired\":true,\"valueName\":\"search_term_string\"}}],\"inLanguage\":\"es\"},{\"@type\":\"Organization\",\"@id\":\"https:\/\/watercenter.info\/#organization\",\"name\":\"Blog Sua Vida\",\"url\":\"https:\/\/watercenter.info\/\",\"logo\":{\"@type\":\"ImageObject\",\"inLanguage\":\"es\",\"@id\":\"https:\/\/watercenter.info\/#\/schema\/logo\/image\/\",\"url\":\"https:\/\/watercenter.info\/wp-content\/uploads\/2025\/08\/cropped-unnamed-4.png\",\"contentUrl\":\"https:\/\/watercenter.info\/wp-content\/uploads\/2025\/08\/cropped-unnamed-4.png\",\"width\":500,\"height\":200,\"caption\":\"Blog Sua Vida\"},\"image\":{\"@id\":\"https:\/\/watercenter.info\/#\/schema\/logo\/image\/\"}}]}<\/script>\n<!-- \/ Yoast SEO plugin. -->","yoast_head_json":{"title":"Pol\u00edtica de Cookies \u2013 Water Center - Water Center","robots":{"index":"index","follow":"follow","max-snippet":"max-snippet:-1","max-image-preview":"max-image-preview:large","max-video-preview":"max-video-preview:-1"},"canonical":"https:\/\/watercenter.info\/es\/politica-de-cookies-water-center\/","og_locale":"es_MX","og_type":"article","og_title":"Pol\u00edtica de Cookies \u2013 Water Center - Water Center","og_description":"Esta Pol\u00edtica de Cookies explica o que s\u00e3o cookies, como os utilizamos no site https:\/\/watercenter.info\/ e como voc\u00ea pode gerenciar suas prefer\u00eancias. 1. O que s\u00e3o cookies? Cookies s\u00e3o pequenos arquivos de texto enviados para o seu navegador por um site que voc\u00ea visita. Eles ajudam o site a reconhecer seu dispositivo e armazenar algumas...","og_url":"https:\/\/watercenter.info\/es\/politica-de-cookies-water-center\/","og_site_name":"Water Center","article_modified_time":"2025-08-14T15:44:51+00:00","twitter_card":"summary_large_image","twitter_misc":{"Tiempo de lectura":"2 minutos"},"schema":{"@context":"https:\/\/schema.org","@graph":[{"@type":"WebPage","@id":"https:\/\/watercenter.info\/politica-de-cookies-water-center\/","url":"https:\/\/watercenter.info\/politica-de-cookies-water-center\/","name":"Pol\u00edtica de Cookies \u2013 Water Center - Water Center","isPartOf":{"@id":"https:\/\/watercenter.info\/#website"},"datePublished":"2025-08-11T13:19:28+00:00","dateModified":"2025-08-14T15:44:51+00:00","breadcrumb":{"@id":"https:\/\/watercenter.info\/politica-de-cookies-water-center\/#breadcrumb"},"inLanguage":"es","potentialAction":[{"@type":"ReadAction","target":["https:\/\/watercenter.info\/politica-de-cookies-water-center\/"]}]},{"@type":"BreadcrumbList","@id":"https:\/\/watercenter.info\/politica-de-cookies-water-center\/#breadcrumb","itemListElement":[{"@type":"ListItem","position":1,"name":"Home","item":"https:\/\/watercenter.info\/"},{"@type":"ListItem","position":2,"name":"Pol\u00edtica de Cookies \u2013 Water Center"}]},{"@type":"WebSite","@id":"https:\/\/watercenter.info\/#website","url":"https:\/\/watercenter.info\/","name":"Blog Sua Vida","description":"","publisher":{"@id":"https:\/\/watercenter.info\/#organization"},"potentialAction":[{"@type":"SearchAction","target":{"@type":"EntryPoint","urlTemplate":"https:\/\/watercenter.info\/?s={search_term_string}"},"query-input":{"@type":"PropertyValueSpecification","valueRequired":true,"valueName":"search_term_string"}}],"inLanguage":"es"},{"@type":"Organization","@id":"https:\/\/watercenter.info\/#organization","name":"Blog Sua Vida","url":"https:\/\/watercenter.info\/","logo":{"@type":"ImageObject","inLanguage":"es","@id":"https:\/\/watercenter.info\/#\/schema\/logo\/image\/","url":"https:\/\/watercenter.info\/wp-content\/uploads\/2025\/08\/cropped-unnamed-4.png","contentUrl":"https:\/\/watercenter.info\/wp-content\/uploads\/2025\/08\/cropped-unnamed-4.png","width":500,"height":200,"caption":"Blog Sua Vida"},"image":{"@id":"https:\/\/watercenter.info\/#\/schema\/logo\/image\/"}}]}},"_links":{"self":[{"href":"https:\/\/watercenter.info\/es\/wp-json\/wp\/v2\/pages\/608","targetHints":{"allow":["GET"]}}],"collection":[{"href":"https:\/\/watercenter.info\/es\/wp-json\/wp\/v2\/pages"}],"about":[{"href":"https:\/\/watercenter.info\/es\/wp-json\/wp\/v2\/types\/page"}],"author":[{"embeddable":true,"href":"https:\/\/watercenter.info\/es\/wp-json\/wp\/v2\/users\/2"}],"replies":[{"embeddable":true,"href":"https:\/\/watercenter.info\/es\/wp-json\/wp\/v2\/comments?post=608"}],"version-history":[{"count":2,"href":"https:\/\/watercenter.info\/es\/wp-json\/wp\/v2\/pages\/608\/revisions"}],"predecessor-version":[{"id":672,"href":"https:\/\/watercenter.info\/es\/wp-json\/wp\/v2\/pages\/608\/revisions\/672"}],"wp:attachment":[{"href":"https:\/\/watercenter.info\/es\/wp-json\/wp\/v2\/media?parent=608"}],"curies":[{"name":"wp","href":"https:\/\/api.w.org\/{rel}","templated":true}]}}