{"id":608,"date":"2025-08-11T13:19:28","date_gmt":"2025-08-11T13:19:28","guid":{"rendered":"https:\/\/watercenter.info\/?page_id=608"},"modified":"2025-08-14T15:44:51","modified_gmt":"2025-08-14T15:44:51","slug":"politica-de-cookies-water-center","status":"publish","type":"page","link":"https:\/\/watercenter.info\/en\/politica-de-cookies-water-center\/","title":{"rendered":"Cookie Policy \u2013 Water Center"},"content":{"rendered":"<p>This Cookie Policy explains what cookies are and how we use them on the website. <strong><a class=\"\" href=\"https:\/\/watercenter.info\/en\/\">https:\/\/watercenter.info\/<\/a><\/strong> and how you can manage your preferences.<\/p>\n\n\n\n<h2 class=\"wp-block-heading\">1. What are cookies?<\/h2>\n\n\n\n<p>Cookies are small text files sent to your browser by a website you visit. They help the website recognize your device and store some information about your browsing preferences and activities.<\/p>\n\n\n\n<h2 class=\"wp-block-heading\">2. How we use cookies<\/h2>\n\n\n\n<p>We use cookies to:<\/p>\n\n\n\n<ul class=\"wp-block-list\">\n<li>Improve the functionality and performance of the website.<\/li>\n\n\n\n<li>Personalize the user experience.<\/li>\n\n\n\n<li>Analyze access statistics and browsing behavior.<\/li>\n\n\n\n<li>Display relevant ads, when applicable.<\/li>\n<\/ul>\n\n\n\n<h2 class=\"wp-block-heading\">3. Types of cookies we use<\/h2>\n\n\n\n<ul class=\"wp-block-list\">\n<li><strong>Essential cookies:<\/strong> necessary for the basic functioning of the site<\/li>\n\n\n\n<li><strong>Performance cookies:<\/strong> They collect anonymous information about how visitors use the site.<\/li>\n\n\n\n<li><strong>Functionality cookies:<\/strong> They remember your preferences and choices.<\/li>\n\n\n\n<li><strong>Advertising cookies:<\/strong> Used to show you personalized ads based on your interests.<\/li>\n<\/ul>\n\n\n\n<h2 class=\"wp-block-heading\">4. Cookie control<\/h2>\n\n\n\n<p>You can manage or disable cookies in your browser settings. However, this may affect the functionality of the website.<\/p>\n\n\n\n<p>Useful links for managing cookies in major browsers:<\/p>\n\n\n\n<ul class=\"wp-block-list\">\n<li><a>Google Chrome<\/a><\/li>\n\n\n\n<li><a>Mozilla Firefox<\/a><\/li>\n\n\n\n<li><a>Microsoft Edge<\/a><\/li>\n\n\n\n<li><a>Safari<\/a><\/li>\n<\/ul>\n\n\n\n<h2 class=\"wp-block-heading\">5. Changes to this policy<\/h2>\n\n\n\n<p>We may update this Cookie Policy periodically. Any changes will be posted on this page.<\/p>","protected":false},"excerpt":{"rendered":"<p>This Cookie Policy explains what cookies are, how we use them on the https:\/\/watercenter.info\/ website, and how you can manage your preferences. 1. What are cookies? Cookies are small text files sent to your browser by a website you visit. They help the website recognize your device and store certain information.<\/p>","protected":false},"author":2,"featured_media":0,"parent":0,"menu_order":0,"comment_status":"closed","ping_status":"closed","template":"","meta":{"_kad_post_transparent":"","_kad_post_title":"","_kad_post_layout":"","_kad_post_sidebar_id":"","_kad_post_content_style":"","_kad_post_vertical_padding":"","_kad_post_feature":"","_kad_post_feature_position":"","_kad_post_header":false,"_kad_post_footer":false,"footnotes":""},"class_list":["post-608","page","type-page","status-publish","hentry"],"yoast_head":"<!-- This site is optimized with the Yoast SEO plugin v26.1.1 - https:\/\/yoast.com\/wordpress\/plugins\/seo\/ -->\n<title>Pol\u00edtica de Cookies \u2013 Water Center - Water Center<\/title>\n<meta name=\"robots\" content=\"index, follow, max-snippet:-1, max-image-preview:large, max-video-preview:-1\" \/>\n<link rel=\"canonical\" href=\"https:\/\/watercenter.info\/en\/politica-de-cookies-water-center\/\" \/>\n<meta property=\"og:locale\" content=\"en_US\" \/>\n<meta property=\"og:type\" content=\"article\" \/>\n<meta property=\"og:title\" content=\"Pol\u00edtica de Cookies \u2013 Water Center - Water Center\" \/>\n<meta property=\"og:description\" content=\"Esta Pol\u00edtica de Cookies explica o que s\u00e3o cookies, como os utilizamos no site https:\/\/watercenter.info\/ e como voc\u00ea pode gerenciar suas prefer\u00eancias. 1. O que s\u00e3o cookies? Cookies s\u00e3o pequenos arquivos de texto enviados para o seu navegador por um site que voc\u00ea visita. Eles ajudam o site a reconhecer seu dispositivo e armazenar algumas...\" \/>\n<meta property=\"og:url\" content=\"https:\/\/watercenter.info\/en\/politica-de-cookies-water-center\/\" \/>\n<meta property=\"og:site_name\" content=\"Water Center\" \/>\n<meta property=\"article:modified_time\" content=\"2025-08-14T15:44:51+00:00\" \/>\n<meta name=\"twitter:card\" content=\"summary_large_image\" \/>\n<meta name=\"twitter:label1\" content=\"Est. reading time\" \/>\n\t<meta name=\"twitter:data1\" content=\"2 minutes\" \/>\n<script type=\"application\/ld+json\" class=\"yoast-schema-graph\">{\"@context\":\"https:\/\/schema.org\",\"@graph\":[{\"@type\":\"WebPage\",\"@id\":\"https:\/\/watercenter.info\/politica-de-cookies-water-center\/\",\"url\":\"https:\/\/watercenter.info\/politica-de-cookies-water-center\/\",\"name\":\"Pol\u00edtica de Cookies \u2013 Water Center - Water Center\",\"isPartOf\":{\"@id\":\"https:\/\/watercenter.info\/#website\"},\"datePublished\":\"2025-08-11T13:19:28+00:00\",\"dateModified\":\"2025-08-14T15:44:51+00:00\",\"breadcrumb\":{\"@id\":\"https:\/\/watercenter.info\/politica-de-cookies-water-center\/#breadcrumb\"},\"inLanguage\":\"en-US\",\"potentialAction\":[{\"@type\":\"ReadAction\",\"target\":[\"https:\/\/watercenter.info\/politica-de-cookies-water-center\/\"]}]},{\"@type\":\"BreadcrumbList\",\"@id\":\"https:\/\/watercenter.info\/politica-de-cookies-water-center\/#breadcrumb\",\"itemListElement\":[{\"@type\":\"ListItem\",\"position\":1,\"name\":\"Home\",\"item\":\"https:\/\/watercenter.info\/\"},{\"@type\":\"ListItem\",\"position\":2,\"name\":\"Pol\u00edtica de Cookies \u2013 Water Center\"}]},{\"@type\":\"WebSite\",\"@id\":\"https:\/\/watercenter.info\/#website\",\"url\":\"https:\/\/watercenter.info\/\",\"name\":\"Blog Sua Vida\",\"description\":\"\",\"publisher\":{\"@id\":\"https:\/\/watercenter.info\/#organization\"},\"potentialAction\":[{\"@type\":\"SearchAction\",\"target\":{\"@type\":\"EntryPoint\",\"urlTemplate\":\"https:\/\/watercenter.info\/?s={search_term_string}\"},\"query-input\":{\"@type\":\"PropertyValueSpecification\",\"valueRequired\":true,\"valueName\":\"search_term_string\"}}],\"inLanguage\":\"en-US\"},{\"@type\":\"Organization\",\"@id\":\"https:\/\/watercenter.info\/#organization\",\"name\":\"Blog Sua Vida\",\"url\":\"https:\/\/watercenter.info\/\",\"logo\":{\"@type\":\"ImageObject\",\"inLanguage\":\"en-US\",\"@id\":\"https:\/\/watercenter.info\/#\/schema\/logo\/image\/\",\"url\":\"https:\/\/watercenter.info\/wp-content\/uploads\/2025\/08\/cropped-unnamed-4.png\",\"contentUrl\":\"https:\/\/watercenter.info\/wp-content\/uploads\/2025\/08\/cropped-unnamed-4.png\",\"width\":500,\"height\":200,\"caption\":\"Blog Sua Vida\"},\"image\":{\"@id\":\"https:\/\/watercenter.info\/#\/schema\/logo\/image\/\"}}]}<\/script>\n<!-- \/ Yoast SEO plugin. -->","yoast_head_json":{"title":"Pol\u00edtica de Cookies \u2013 Water Center - Water Center","robots":{"index":"index","follow":"follow","max-snippet":"max-snippet:-1","max-image-preview":"max-image-preview:large","max-video-preview":"max-video-preview:-1"},"canonical":"https:\/\/watercenter.info\/en\/politica-de-cookies-water-center\/","og_locale":"en_US","og_type":"article","og_title":"Pol\u00edtica de Cookies \u2013 Water Center - Water Center","og_description":"Esta Pol\u00edtica de Cookies explica o que s\u00e3o cookies, como os utilizamos no site https:\/\/watercenter.info\/ e como voc\u00ea pode gerenciar suas prefer\u00eancias. 1. O que s\u00e3o cookies? Cookies s\u00e3o pequenos arquivos de texto enviados para o seu navegador por um site que voc\u00ea visita. Eles ajudam o site a reconhecer seu dispositivo e armazenar algumas...","og_url":"https:\/\/watercenter.info\/en\/politica-de-cookies-water-center\/","og_site_name":"Water Center","article_modified_time":"2025-08-14T15:44:51+00:00","twitter_card":"summary_large_image","twitter_misc":{"Est. reading time":"2 minutes"},"schema":{"@context":"https:\/\/schema.org","@graph":[{"@type":"WebPage","@id":"https:\/\/watercenter.info\/politica-de-cookies-water-center\/","url":"https:\/\/watercenter.info\/politica-de-cookies-water-center\/","name":"Pol\u00edtica de Cookies \u2013 Water Center - Water Center","isPartOf":{"@id":"https:\/\/watercenter.info\/#website"},"datePublished":"2025-08-11T13:19:28+00:00","dateModified":"2025-08-14T15:44:51+00:00","breadcrumb":{"@id":"https:\/\/watercenter.info\/politica-de-cookies-water-center\/#breadcrumb"},"inLanguage":"en-US","potentialAction":[{"@type":"ReadAction","target":["https:\/\/watercenter.info\/politica-de-cookies-water-center\/"]}]},{"@type":"BreadcrumbList","@id":"https:\/\/watercenter.info\/politica-de-cookies-water-center\/#breadcrumb","itemListElement":[{"@type":"ListItem","position":1,"name":"Home","item":"https:\/\/watercenter.info\/"},{"@type":"ListItem","position":2,"name":"Pol\u00edtica de Cookies \u2013 Water Center"}]},{"@type":"WebSite","@id":"https:\/\/watercenter.info\/#website","url":"https:\/\/watercenter.info\/","name":"Your Life Blog","description":"","publisher":{"@id":"https:\/\/watercenter.info\/#organization"},"potentialAction":[{"@type":"SearchAction","target":{"@type":"EntryPoint","urlTemplate":"https:\/\/watercenter.info\/?s={search_term_string}"},"query-input":{"@type":"PropertyValueSpecification","valueRequired":true,"valueName":"search_term_string"}}],"inLanguage":"en-US"},{"@type":"Organization","@id":"https:\/\/watercenter.info\/#organization","name":"Your Life Blog","url":"https:\/\/watercenter.info\/","logo":{"@type":"ImageObject","inLanguage":"en-US","@id":"https:\/\/watercenter.info\/#\/schema\/logo\/image\/","url":"https:\/\/watercenter.info\/wp-content\/uploads\/2025\/08\/cropped-unnamed-4.png","contentUrl":"https:\/\/watercenter.info\/wp-content\/uploads\/2025\/08\/cropped-unnamed-4.png","width":500,"height":200,"caption":"Blog Sua Vida"},"image":{"@id":"https:\/\/watercenter.info\/#\/schema\/logo\/image\/"}}]}},"_links":{"self":[{"href":"https:\/\/watercenter.info\/en\/wp-json\/wp\/v2\/pages\/608","targetHints":{"allow":["GET"]}}],"collection":[{"href":"https:\/\/watercenter.info\/en\/wp-json\/wp\/v2\/pages"}],"about":[{"href":"https:\/\/watercenter.info\/en\/wp-json\/wp\/v2\/types\/page"}],"author":[{"embeddable":true,"href":"https:\/\/watercenter.info\/en\/wp-json\/wp\/v2\/users\/2"}],"replies":[{"embeddable":true,"href":"https:\/\/watercenter.info\/en\/wp-json\/wp\/v2\/comments?post=608"}],"version-history":[{"count":2,"href":"https:\/\/watercenter.info\/en\/wp-json\/wp\/v2\/pages\/608\/revisions"}],"predecessor-version":[{"id":672,"href":"https:\/\/watercenter.info\/en\/wp-json\/wp\/v2\/pages\/608\/revisions\/672"}],"wp:attachment":[{"href":"https:\/\/watercenter.info\/en\/wp-json\/wp\/v2\/media?parent=608"}],"curies":[{"name":"wp","href":"https:\/\/api.w.org\/{rel}","templated":true}]}}