{"id":612,"date":"2025-08-11T13:20:44","date_gmt":"2025-08-11T13:20:44","guid":{"rendered":"https:\/\/watercenter.info\/?page_id=612"},"modified":"2025-08-14T15:46:37","modified_gmt":"2025-08-14T15:46:37","slug":"quem-somos-water-center","status":"publish","type":"page","link":"https:\/\/watercenter.info\/de\/quem-somos-water-center\/","title":{"rendered":"Wer wir sind \u2013 Wasserzentrum"},"content":{"rendered":"<p>DER <strong>Wasserzentrum<\/strong> Entstanden aus der Leidenschaft f\u00fcr Technologie, Marketing und kontinuierliches Lernen. Der Blog wurde von einem Programmierstudenten erstellt, der auch im Verkehrsmanagement arbeitet. Er teilt Erfahrungen aus dem echten Leben, praktische Tipps und Inhalte, die anderen helfen, sich in der digitalen Welt weiterzuentwickeln.<\/p>\n\n\n\n<p>Unser Ziel ist es zu zeigen, dass es m\u00f6glich ist, Studium, Beruf und Privatleben in Einklang zu bringen, ohne auf berufliches Wachstum zu verzichten. Hier finden Sie alles von Geschichten \u00fcber die Herausforderungen und Erfolge eines Programmierers bis hin zu Strategien zur Optimierung digitaler Marketingkampagnen und zur Steigerung der Ergebnisse.<\/p>\n\n\n\n<p>Wir glauben, dass Wissen auf klare, zug\u00e4ngliche und inspirierende Weise vermittelt werden sollte. Daher werden alle Inhalte sorgf\u00e4ltig erstellt, um unseren Lesern das Beste zu bieten.<\/p>\n\n\n\n<p>Egal, ob Sie Programmieranf\u00e4nger, Digital-Marketing-Enthusiast oder jemand sind, der beides kombinieren m\u00f6chte, um neue M\u00f6glichkeiten zu schaffen: Dies ist Ihr Raum zum Lernen, Ideenaustausch und gemeinsamen Wachsen.<\/p>","protected":false},"excerpt":{"rendered":"<p>Water Center entstand aus der Leidenschaft f\u00fcr Technologie, Marketing und kontinuierliches Lernen. Der Blog wurde von einem Programmierstudenten erstellt, der auch im Verkehrsmanagement arbeitet. Er teilt Erfahrungen aus dem echten Leben, praktische Tipps und Inhalte, die anderen helfen, sich in der digitalen Welt weiterzuentwickeln. Unser Ziel ist es zu zeigen, dass es\u2026<\/p>","protected":false},"author":2,"featured_media":0,"parent":0,"menu_order":0,"comment_status":"closed","ping_status":"closed","template":"","meta":{"_kad_post_transparent":"","_kad_post_title":"","_kad_post_layout":"","_kad_post_sidebar_id":"","_kad_post_content_style":"","_kad_post_vertical_padding":"","_kad_post_feature":"","_kad_post_feature_position":"","_kad_post_header":false,"_kad_post_footer":false,"footnotes":""},"class_list":["post-612","page","type-page","status-publish","hentry"],"yoast_head":"<!-- This site is optimized with the Yoast SEO plugin v26.1.1 - https:\/\/yoast.com\/wordpress\/plugins\/seo\/ -->\n<title>Quem Somos \u2013 Water Center - Water Center<\/title>\n<meta name=\"robots\" content=\"index, follow, max-snippet:-1, max-image-preview:large, max-video-preview:-1\" \/>\n<link rel=\"canonical\" href=\"https:\/\/watercenter.info\/de\/quem-somos-water-center\/\" \/>\n<meta property=\"og:locale\" content=\"de_DE\" \/>\n<meta property=\"og:type\" content=\"article\" \/>\n<meta property=\"og:title\" content=\"Quem Somos \u2013 Water Center - Water Center\" \/>\n<meta property=\"og:description\" content=\"O Water Center nasceu da paix\u00e3o por tecnologia, marketing e aprendizado cont\u00ednuo. Criado por um estudante de programa\u00e7\u00e3o que tamb\u00e9m atua na \u00e1rea de gest\u00e3o de tr\u00e1fego, o blog compartilha experi\u00eancias reais do dia a dia, dicas pr\u00e1ticas e conte\u00fados que ajudam outras pessoas a evolu\u00edrem no mundo digital. Nosso objetivo \u00e9 mostrar que \u00e9...\" \/>\n<meta property=\"og:url\" content=\"https:\/\/watercenter.info\/de\/quem-somos-water-center\/\" \/>\n<meta property=\"og:site_name\" content=\"Water Center\" \/>\n<meta property=\"article:modified_time\" content=\"2025-08-14T15:46:37+00:00\" \/>\n<meta name=\"twitter:card\" content=\"summary_large_image\" \/>\n<meta name=\"twitter:label1\" content=\"Gesch\u00e4tzte Lesezeit\" \/>\n\t<meta name=\"twitter:data1\" content=\"1\u00a0Minute\" \/>\n<script type=\"application\/ld+json\" class=\"yoast-schema-graph\">{\"@context\":\"https:\/\/schema.org\",\"@graph\":[{\"@type\":\"WebPage\",\"@id\":\"https:\/\/watercenter.info\/quem-somos-water-center\/\",\"url\":\"https:\/\/watercenter.info\/quem-somos-water-center\/\",\"name\":\"Quem Somos \u2013 Water Center - Water Center\",\"isPartOf\":{\"@id\":\"https:\/\/watercenter.info\/#website\"},\"datePublished\":\"2025-08-11T13:20:44+00:00\",\"dateModified\":\"2025-08-14T15:46:37+00:00\",\"breadcrumb\":{\"@id\":\"https:\/\/watercenter.info\/quem-somos-water-center\/#breadcrumb\"},\"inLanguage\":\"de\",\"potentialAction\":[{\"@type\":\"ReadAction\",\"target\":[\"https:\/\/watercenter.info\/quem-somos-water-center\/\"]}]},{\"@type\":\"BreadcrumbList\",\"@id\":\"https:\/\/watercenter.info\/quem-somos-water-center\/#breadcrumb\",\"itemListElement\":[{\"@type\":\"ListItem\",\"position\":1,\"name\":\"Home\",\"item\":\"https:\/\/watercenter.info\/\"},{\"@type\":\"ListItem\",\"position\":2,\"name\":\"Quem Somos \u2013 Water Center\"}]},{\"@type\":\"WebSite\",\"@id\":\"https:\/\/watercenter.info\/#website\",\"url\":\"https:\/\/watercenter.info\/\",\"name\":\"Blog Sua Vida\",\"description\":\"\",\"publisher\":{\"@id\":\"https:\/\/watercenter.info\/#organization\"},\"potentialAction\":[{\"@type\":\"SearchAction\",\"target\":{\"@type\":\"EntryPoint\",\"urlTemplate\":\"https:\/\/watercenter.info\/?s={search_term_string}\"},\"query-input\":{\"@type\":\"PropertyValueSpecification\",\"valueRequired\":true,\"valueName\":\"search_term_string\"}}],\"inLanguage\":\"de\"},{\"@type\":\"Organization\",\"@id\":\"https:\/\/watercenter.info\/#organization\",\"name\":\"Blog Sua Vida\",\"url\":\"https:\/\/watercenter.info\/\",\"logo\":{\"@type\":\"ImageObject\",\"inLanguage\":\"de\",\"@id\":\"https:\/\/watercenter.info\/#\/schema\/logo\/image\/\",\"url\":\"https:\/\/watercenter.info\/wp-content\/uploads\/2025\/08\/cropped-unnamed-4.png\",\"contentUrl\":\"https:\/\/watercenter.info\/wp-content\/uploads\/2025\/08\/cropped-unnamed-4.png\",\"width\":500,\"height\":200,\"caption\":\"Blog Sua Vida\"},\"image\":{\"@id\":\"https:\/\/watercenter.info\/#\/schema\/logo\/image\/\"}}]}<\/script>\n<!-- \/ Yoast SEO plugin. -->","yoast_head_json":{"title":"Quem Somos \u2013 Water Center - Water Center","robots":{"index":"index","follow":"follow","max-snippet":"max-snippet:-1","max-image-preview":"max-image-preview:large","max-video-preview":"max-video-preview:-1"},"canonical":"https:\/\/watercenter.info\/de\/quem-somos-water-center\/","og_locale":"de_DE","og_type":"article","og_title":"Quem Somos \u2013 Water Center - Water Center","og_description":"O Water Center nasceu da paix\u00e3o por tecnologia, marketing e aprendizado cont\u00ednuo. Criado por um estudante de programa\u00e7\u00e3o que tamb\u00e9m atua na \u00e1rea de gest\u00e3o de tr\u00e1fego, o blog compartilha experi\u00eancias reais do dia a dia, dicas pr\u00e1ticas e conte\u00fados que ajudam outras pessoas a evolu\u00edrem no mundo digital. Nosso objetivo \u00e9 mostrar que \u00e9...","og_url":"https:\/\/watercenter.info\/de\/quem-somos-water-center\/","og_site_name":"Water Center","article_modified_time":"2025-08-14T15:46:37+00:00","twitter_card":"summary_large_image","twitter_misc":{"Gesch\u00e4tzte Lesezeit":"1\u00a0Minute"},"schema":{"@context":"https:\/\/schema.org","@graph":[{"@type":"WebPage","@id":"https:\/\/watercenter.info\/quem-somos-water-center\/","url":"https:\/\/watercenter.info\/quem-somos-water-center\/","name":"Quem Somos \u2013 Water Center - Water Center","isPartOf":{"@id":"https:\/\/watercenter.info\/#website"},"datePublished":"2025-08-11T13:20:44+00:00","dateModified":"2025-08-14T15:46:37+00:00","breadcrumb":{"@id":"https:\/\/watercenter.info\/quem-somos-water-center\/#breadcrumb"},"inLanguage":"de","potentialAction":[{"@type":"ReadAction","target":["https:\/\/watercenter.info\/quem-somos-water-center\/"]}]},{"@type":"BreadcrumbList","@id":"https:\/\/watercenter.info\/quem-somos-water-center\/#breadcrumb","itemListElement":[{"@type":"ListItem","position":1,"name":"Home","item":"https:\/\/watercenter.info\/"},{"@type":"ListItem","position":2,"name":"Quem Somos \u2013 Water Center"}]},{"@type":"WebSite","@id":"https:\/\/watercenter.info\/#website","url":"https:\/\/watercenter.info\/","name":"Dein Lebensblog","description":"","publisher":{"@id":"https:\/\/watercenter.info\/#organization"},"potentialAction":[{"@type":"SearchAction","target":{"@type":"EntryPoint","urlTemplate":"https:\/\/watercenter.info\/?s={search_term_string}"},"query-input":{"@type":"PropertyValueSpecification","valueRequired":true,"valueName":"search_term_string"}}],"inLanguage":"de"},{"@type":"Organization","@id":"https:\/\/watercenter.info\/#organization","name":"Dein Lebensblog","url":"https:\/\/watercenter.info\/","logo":{"@type":"ImageObject","inLanguage":"de","@id":"https:\/\/watercenter.info\/#\/schema\/logo\/image\/","url":"https:\/\/watercenter.info\/wp-content\/uploads\/2025\/08\/cropped-unnamed-4.png","contentUrl":"https:\/\/watercenter.info\/wp-content\/uploads\/2025\/08\/cropped-unnamed-4.png","width":500,"height":200,"caption":"Blog Sua Vida"},"image":{"@id":"https:\/\/watercenter.info\/#\/schema\/logo\/image\/"}}]}},"_links":{"self":[{"href":"https:\/\/watercenter.info\/de\/wp-json\/wp\/v2\/pages\/612","targetHints":{"allow":["GET"]}}],"collection":[{"href":"https:\/\/watercenter.info\/de\/wp-json\/wp\/v2\/pages"}],"about":[{"href":"https:\/\/watercenter.info\/de\/wp-json\/wp\/v2\/types\/page"}],"author":[{"embeddable":true,"href":"https:\/\/watercenter.info\/de\/wp-json\/wp\/v2\/users\/2"}],"replies":[{"embeddable":true,"href":"https:\/\/watercenter.info\/de\/wp-json\/wp\/v2\/comments?post=612"}],"version-history":[{"count":2,"href":"https:\/\/watercenter.info\/de\/wp-json\/wp\/v2\/pages\/612\/revisions"}],"predecessor-version":[{"id":675,"href":"https:\/\/watercenter.info\/de\/wp-json\/wp\/v2\/pages\/612\/revisions\/675"}],"wp:attachment":[{"href":"https:\/\/watercenter.info\/de\/wp-json\/wp\/v2\/media?parent=612"}],"curies":[{"name":"wp","href":"https:\/\/api.w.org\/{rel}","templated":true}]}}