{"id":608,"date":"2025-08-11T13:19:28","date_gmt":"2025-08-11T13:19:28","guid":{"rendered":"https:\/\/watercenter.info\/?page_id=608"},"modified":"2025-08-14T15:44:51","modified_gmt":"2025-08-14T15:44:51","slug":"politica-de-cookies-water-center","status":"publish","type":"page","link":"https:\/\/watercenter.info\/de\/politica-de-cookies-water-center\/","title":{"rendered":"Cookie-Richtlinie \u2013 Wasserzentrum"},"content":{"rendered":"<p>Esta Pol\u00edtica de Cookies explica o que s\u00e3o cookies, como os utilizamos no site <strong><a class=\"\" href=\"https:\/\/watercenter.info\/de\/\">https:\/\/watercenter.info\/<\/a><\/strong> e como voc\u00ea pode gerenciar suas prefer\u00eancias.<\/p>\n\n\n\n<h2 class=\"wp-block-heading\">1. O que s\u00e3o cookies?<\/h2>\n\n\n\n<p>Cookies s\u00e3o pequenos arquivos de texto enviados para o seu navegador por um site que voc\u00ea visita. Eles ajudam o site a reconhecer seu dispositivo e armazenar algumas informa\u00e7\u00f5es sobre suas prefer\u00eancias e atividades de navega\u00e7\u00e3o.<\/p>\n\n\n\n<h2 class=\"wp-block-heading\">2. Como usamos cookies<\/h2>\n\n\n\n<p>Utilizamos cookies para:<\/p>\n\n\n\n<ul class=\"wp-block-list\">\n<li>Melhorar a funcionalidade e desempenho do site<\/li>\n\n\n\n<li>Personalizar a experi\u00eancia do usu\u00e1rio<\/li>\n\n\n\n<li>Analisar estat\u00edsticas de acesso e comportamento de navega\u00e7\u00e3o<\/li>\n\n\n\n<li>Exibir an\u00fancios relevantes, quando aplic\u00e1vel<\/li>\n<\/ul>\n\n\n\n<h2 class=\"wp-block-heading\">3. Tipos de cookies que utilizamos<\/h2>\n\n\n\n<ul class=\"wp-block-list\">\n<li><strong>Cookies essenciais:<\/strong> necess\u00e1rios para o funcionamento b\u00e1sico do site<\/li>\n\n\n\n<li><strong>Cookies de desempenho:<\/strong> coletam informa\u00e7\u00f5es an\u00f4nimas sobre como os visitantes usam o site<\/li>\n\n\n\n<li><strong>Cookies de funcionalidade:<\/strong> lembram suas prefer\u00eancias e escolhas<\/li>\n\n\n\n<li><strong>Cookies de publicidade:<\/strong> utilizados para mostrar an\u00fancios personalizados com base nos seus interesses<\/li>\n<\/ul>\n\n\n\n<h2 class=\"wp-block-heading\">4. Controle de cookies<\/h2>\n\n\n\n<p>Voc\u00ea pode gerenciar ou desativar cookies nas configura\u00e7\u00f5es do seu navegador. No entanto, isso pode afetar a funcionalidade do site.<\/p>\n\n\n\n<p>Links \u00fateis para gerenciar cookies nos principais navegadores:<\/p>\n\n\n\n<ul class=\"wp-block-list\">\n<li><a>Google Chrome<\/a><\/li>\n\n\n\n<li><a>Mozilla Firefox<\/a><\/li>\n\n\n\n<li><a>Microsoft Edge<\/a><\/li>\n\n\n\n<li><a>Safari<\/a><\/li>\n<\/ul>\n\n\n\n<h2 class=\"wp-block-heading\">5. Altera\u00e7\u00f5es desta pol\u00edtica<\/h2>\n\n\n\n<p>Podemos atualizar esta Pol\u00edtica de Cookies periodicamente. Qualquer mudan\u00e7a ser\u00e1 publicada nesta p\u00e1gina.<\/p>","protected":false},"excerpt":{"rendered":"<p>Diese Cookie-Richtlinie erkl\u00e4rt, was Cookies sind, wie wir sie auf der Website https:\/\/watercenter.info\/ verwenden und wie Sie Ihre Einstellungen verwalten k\u00f6nnen. 1. Was sind Cookies? Cookies sind kleine Textdateien, die von einer von Ihnen besuchten Website an Ihren Browser gesendet werden. Sie helfen der Website, Ihr Ger\u00e4t zu erkennen und bestimmte Informationen zu speichern.<\/p>","protected":false},"author":2,"featured_media":0,"parent":0,"menu_order":0,"comment_status":"closed","ping_status":"closed","template":"","meta":{"_kad_post_transparent":"","_kad_post_title":"","_kad_post_layout":"","_kad_post_sidebar_id":"","_kad_post_content_style":"","_kad_post_vertical_padding":"","_kad_post_feature":"","_kad_post_feature_position":"","_kad_post_header":false,"_kad_post_footer":false,"footnotes":""},"class_list":["post-608","page","type-page","status-publish","hentry"],"yoast_head":"<!-- This site is optimized with the Yoast SEO plugin v26.1.1 - https:\/\/yoast.com\/wordpress\/plugins\/seo\/ -->\n<title>Pol\u00edtica de Cookies \u2013 Water Center - Water Center<\/title>\n<meta name=\"robots\" content=\"index, follow, max-snippet:-1, max-image-preview:large, max-video-preview:-1\" \/>\n<link rel=\"canonical\" href=\"https:\/\/watercenter.info\/de\/politica-de-cookies-water-center\/\" \/>\n<meta property=\"og:locale\" content=\"de_DE\" \/>\n<meta property=\"og:type\" content=\"article\" \/>\n<meta property=\"og:title\" content=\"Pol\u00edtica de Cookies \u2013 Water Center - Water Center\" \/>\n<meta property=\"og:description\" content=\"Esta Pol\u00edtica de Cookies explica o que s\u00e3o cookies, como os utilizamos no site https:\/\/watercenter.info\/ e como voc\u00ea pode gerenciar suas prefer\u00eancias. 1. O que s\u00e3o cookies? Cookies s\u00e3o pequenos arquivos de texto enviados para o seu navegador por um site que voc\u00ea visita. Eles ajudam o site a reconhecer seu dispositivo e armazenar algumas...\" \/>\n<meta property=\"og:url\" content=\"https:\/\/watercenter.info\/de\/politica-de-cookies-water-center\/\" \/>\n<meta property=\"og:site_name\" content=\"Water Center\" \/>\n<meta property=\"article:modified_time\" content=\"2025-08-14T15:44:51+00:00\" \/>\n<meta name=\"twitter:card\" content=\"summary_large_image\" \/>\n<meta name=\"twitter:label1\" content=\"Gesch\u00e4tzte Lesezeit\" \/>\n\t<meta name=\"twitter:data1\" content=\"2\u00a0Minuten\" \/>\n<script type=\"application\/ld+json\" class=\"yoast-schema-graph\">{\"@context\":\"https:\/\/schema.org\",\"@graph\":[{\"@type\":\"WebPage\",\"@id\":\"https:\/\/watercenter.info\/politica-de-cookies-water-center\/\",\"url\":\"https:\/\/watercenter.info\/politica-de-cookies-water-center\/\",\"name\":\"Pol\u00edtica de Cookies \u2013 Water Center - Water Center\",\"isPartOf\":{\"@id\":\"https:\/\/watercenter.info\/#website\"},\"datePublished\":\"2025-08-11T13:19:28+00:00\",\"dateModified\":\"2025-08-14T15:44:51+00:00\",\"breadcrumb\":{\"@id\":\"https:\/\/watercenter.info\/politica-de-cookies-water-center\/#breadcrumb\"},\"inLanguage\":\"de\",\"potentialAction\":[{\"@type\":\"ReadAction\",\"target\":[\"https:\/\/watercenter.info\/politica-de-cookies-water-center\/\"]}]},{\"@type\":\"BreadcrumbList\",\"@id\":\"https:\/\/watercenter.info\/politica-de-cookies-water-center\/#breadcrumb\",\"itemListElement\":[{\"@type\":\"ListItem\",\"position\":1,\"name\":\"Home\",\"item\":\"https:\/\/watercenter.info\/\"},{\"@type\":\"ListItem\",\"position\":2,\"name\":\"Pol\u00edtica de Cookies \u2013 Water Center\"}]},{\"@type\":\"WebSite\",\"@id\":\"https:\/\/watercenter.info\/#website\",\"url\":\"https:\/\/watercenter.info\/\",\"name\":\"Blog Sua Vida\",\"description\":\"\",\"publisher\":{\"@id\":\"https:\/\/watercenter.info\/#organization\"},\"potentialAction\":[{\"@type\":\"SearchAction\",\"target\":{\"@type\":\"EntryPoint\",\"urlTemplate\":\"https:\/\/watercenter.info\/?s={search_term_string}\"},\"query-input\":{\"@type\":\"PropertyValueSpecification\",\"valueRequired\":true,\"valueName\":\"search_term_string\"}}],\"inLanguage\":\"de\"},{\"@type\":\"Organization\",\"@id\":\"https:\/\/watercenter.info\/#organization\",\"name\":\"Blog Sua Vida\",\"url\":\"https:\/\/watercenter.info\/\",\"logo\":{\"@type\":\"ImageObject\",\"inLanguage\":\"de\",\"@id\":\"https:\/\/watercenter.info\/#\/schema\/logo\/image\/\",\"url\":\"https:\/\/watercenter.info\/wp-content\/uploads\/2025\/08\/cropped-unnamed-4.png\",\"contentUrl\":\"https:\/\/watercenter.info\/wp-content\/uploads\/2025\/08\/cropped-unnamed-4.png\",\"width\":500,\"height\":200,\"caption\":\"Blog Sua Vida\"},\"image\":{\"@id\":\"https:\/\/watercenter.info\/#\/schema\/logo\/image\/\"}}]}<\/script>\n<!-- \/ Yoast SEO plugin. -->","yoast_head_json":{"title":"Pol\u00edtica de Cookies \u2013 Water Center - Water Center","robots":{"index":"index","follow":"follow","max-snippet":"max-snippet:-1","max-image-preview":"max-image-preview:large","max-video-preview":"max-video-preview:-1"},"canonical":"https:\/\/watercenter.info\/de\/politica-de-cookies-water-center\/","og_locale":"de_DE","og_type":"article","og_title":"Pol\u00edtica de Cookies \u2013 Water Center - Water Center","og_description":"Esta Pol\u00edtica de Cookies explica o que s\u00e3o cookies, como os utilizamos no site https:\/\/watercenter.info\/ e como voc\u00ea pode gerenciar suas prefer\u00eancias. 1. O que s\u00e3o cookies? Cookies s\u00e3o pequenos arquivos de texto enviados para o seu navegador por um site que voc\u00ea visita. Eles ajudam o site a reconhecer seu dispositivo e armazenar algumas...","og_url":"https:\/\/watercenter.info\/de\/politica-de-cookies-water-center\/","og_site_name":"Water Center","article_modified_time":"2025-08-14T15:44:51+00:00","twitter_card":"summary_large_image","twitter_misc":{"Gesch\u00e4tzte Lesezeit":"2\u00a0Minuten"},"schema":{"@context":"https:\/\/schema.org","@graph":[{"@type":"WebPage","@id":"https:\/\/watercenter.info\/politica-de-cookies-water-center\/","url":"https:\/\/watercenter.info\/politica-de-cookies-water-center\/","name":"Pol\u00edtica de Cookies \u2013 Water Center - Water Center","isPartOf":{"@id":"https:\/\/watercenter.info\/#website"},"datePublished":"2025-08-11T13:19:28+00:00","dateModified":"2025-08-14T15:44:51+00:00","breadcrumb":{"@id":"https:\/\/watercenter.info\/politica-de-cookies-water-center\/#breadcrumb"},"inLanguage":"de","potentialAction":[{"@type":"ReadAction","target":["https:\/\/watercenter.info\/politica-de-cookies-water-center\/"]}]},{"@type":"BreadcrumbList","@id":"https:\/\/watercenter.info\/politica-de-cookies-water-center\/#breadcrumb","itemListElement":[{"@type":"ListItem","position":1,"name":"Home","item":"https:\/\/watercenter.info\/"},{"@type":"ListItem","position":2,"name":"Pol\u00edtica de Cookies \u2013 Water Center"}]},{"@type":"WebSite","@id":"https:\/\/watercenter.info\/#website","url":"https:\/\/watercenter.info\/","name":"Dein Lebensblog","description":"","publisher":{"@id":"https:\/\/watercenter.info\/#organization"},"potentialAction":[{"@type":"SearchAction","target":{"@type":"EntryPoint","urlTemplate":"https:\/\/watercenter.info\/?s={search_term_string}"},"query-input":{"@type":"PropertyValueSpecification","valueRequired":true,"valueName":"search_term_string"}}],"inLanguage":"de"},{"@type":"Organization","@id":"https:\/\/watercenter.info\/#organization","name":"Dein Lebensblog","url":"https:\/\/watercenter.info\/","logo":{"@type":"ImageObject","inLanguage":"de","@id":"https:\/\/watercenter.info\/#\/schema\/logo\/image\/","url":"https:\/\/watercenter.info\/wp-content\/uploads\/2025\/08\/cropped-unnamed-4.png","contentUrl":"https:\/\/watercenter.info\/wp-content\/uploads\/2025\/08\/cropped-unnamed-4.png","width":500,"height":200,"caption":"Blog Sua Vida"},"image":{"@id":"https:\/\/watercenter.info\/#\/schema\/logo\/image\/"}}]}},"_links":{"self":[{"href":"https:\/\/watercenter.info\/de\/wp-json\/wp\/v2\/pages\/608","targetHints":{"allow":["GET"]}}],"collection":[{"href":"https:\/\/watercenter.info\/de\/wp-json\/wp\/v2\/pages"}],"about":[{"href":"https:\/\/watercenter.info\/de\/wp-json\/wp\/v2\/types\/page"}],"author":[{"embeddable":true,"href":"https:\/\/watercenter.info\/de\/wp-json\/wp\/v2\/users\/2"}],"replies":[{"embeddable":true,"href":"https:\/\/watercenter.info\/de\/wp-json\/wp\/v2\/comments?post=608"}],"version-history":[{"count":2,"href":"https:\/\/watercenter.info\/de\/wp-json\/wp\/v2\/pages\/608\/revisions"}],"predecessor-version":[{"id":672,"href":"https:\/\/watercenter.info\/de\/wp-json\/wp\/v2\/pages\/608\/revisions\/672"}],"wp:attachment":[{"href":"https:\/\/watercenter.info\/de\/wp-json\/wp\/v2\/media?parent=608"}],"curies":[{"name":"wp","href":"https:\/\/api.w.org\/{rel}","templated":true}]}}