{"id":606,"date":"2025-08-11T13:18:39","date_gmt":"2025-08-11T13:18:39","guid":{"rendered":"https:\/\/watercenter.info\/?page_id=606"},"modified":"2025-08-14T15:46:04","modified_gmt":"2025-08-14T15:46:04","slug":"politica-de-privacidade-water-center","status":"publish","type":"page","link":"https:\/\/watercenter.info\/de\/politica-de-privacidade-water-center\/","title":{"rendered":"Datenschutzrichtlinie \u2013 Wasserzentrum"},"content":{"rendered":"<p>Ihre Privatsph\u00e4re ist uns sehr wichtig. Es ist unsere Politik <strong>Wasserzentrum<\/strong> respektieren Ihre Privatsph\u00e4re in Bezug auf alle Informationen, die wir von Ihnen auf der Website sammeln <strong><a class=\"\" href=\"https:\/\/watercenter.info\/de\/\">https:\/\/watercenter.info\/<\/a><\/strong> und andere Websites, die wir besitzen und betreiben.<\/p>\n\n\n\n<h2 class=\"wp-block-heading\">1. Informationssammlung<\/h2>\n\n\n\n<p>Wir erheben personenbezogene Daten nur, wenn wir diese f\u00fcr die Erbringung einer Dienstleistung wirklich ben\u00f6tigen. Wir erheben sie auf faire und rechtm\u00e4\u00dfige Weise sowie mit Ihrem Wissen und Ihrer Zustimmung. Wir informieren Sie auch dar\u00fcber, warum wir Ihre Daten erheben und wie wir sie verwenden.<\/p>\n\n\n\n<p>Zu den von uns erfassten Informationen geh\u00f6ren:<\/p>\n\n\n\n<ul class=\"wp-block-list\">\n<li>Vollst\u00e4ndiger Name<\/li>\n\n\n\n<li>E-Mail-Adresse<\/li>\n\n\n\n<li>Navigationsdaten und Cookies<\/li>\n\n\n\n<li>Freiwillig \u00fcber Kontaktformulare oder Kommentare bereitgestellte Informationen<\/li>\n<\/ul>\n\n\n\n<h2 class=\"wp-block-heading\">2. Verwendung von Informationen<\/h2>\n\n\n\n<p>Die gesammelten Informationen dienen folgenden Zwecken:<\/p>\n\n\n\n<ul class=\"wp-block-list\">\n<li>Verbessern Sie die Benutzererfahrung auf der Website<\/li>\n\n\n\n<li>Senden Sie Inhalte, Neuigkeiten oder Werbeaktionen (sofern autorisiert)<\/li>\n\n\n\n<li>Beantworten Sie Fragen und Anfragen<\/li>\n\n\n\n<li>Analysieren Sie den Website-Verkehr und die Leistungsstatistiken<\/li>\n<\/ul>\n\n\n\n<h2 class=\"wp-block-heading\">3. Informationsaustausch<\/h2>\n\n\n\n<p>Wir geben personenbezogene Daten weder \u00f6ffentlich noch an Dritte weiter, es sei denn, dies ist gesetzlich vorgeschrieben oder dient der Bereitstellung wesentlicher Dienste (wie Website-Hosting und E-Mail-Marketing-Tools). Dabei wird stets der Datenschutz gew\u00e4hrleistet.<\/p>\n\n\n\n<h2 class=\"wp-block-heading\">4. Datenspeicherung<\/h2>\n\n\n\n<p>Wir bewahren die erhobenen Daten so lange auf, wie es f\u00fcr die Bereitstellung der angeforderten Dienstleistung oder zur Erf\u00fcllung gesetzlicher Verpflichtungen erforderlich ist.<\/p>\n\n\n\n<h2 class=\"wp-block-heading\">5. Informationssicherheit<\/h2>\n\n\n\n<p>Wir ergreifen technische und administrative Ma\u00dfnahmen, um Informationen vor unbefugtem Zugriff, Missbrauch oder Offenlegung zu sch\u00fctzen.<\/p>\n\n\n\n<h2 class=\"wp-block-heading\">6. Cookies<\/h2>\n\n\n\n<p>Wir verwenden Cookies, um die Website-Leistung zu optimieren, die Benutzererfahrung zu personalisieren und zu verstehen, wie unsere Besucher mit den Inhalten interagieren. Sie k\u00f6nnen Cookies direkt in Ihrem Browser verwalten oder deaktivieren.<\/p>\n\n\n\n<h2 class=\"wp-block-heading\">7. Externe Links<\/h2>\n\n\n\n<p>Unsere Website kann Links zu externen Websites enthalten, die nicht von uns betrieben werden. Wir sind nicht f\u00fcr den Inhalt und die Datenschutzpraktiken dieser Websites verantwortlich.<\/p>\n\n\n\n<h2 class=\"wp-block-heading\">8. Ihre Rechte<\/h2>\n\n\n\n<p>Sie haben das Recht auf Auskunft, Berichtigung und L\u00f6schung Ihrer personenbezogenen Daten. Um diese Rechte auszu\u00fcben, kontaktieren Sie uns bitte per E-Mail: <strong><a>watercenter@watercenter.com.br<\/a><\/strong>.<\/p>\n\n\n\n<h2 class=\"wp-block-heading\">9. \u00c4nderungen dieser Richtlinie<\/h2>\n\n\n\n<p>Wir k\u00f6nnen diese Datenschutzrichtlinie von Zeit zu Zeit aktualisieren. Wir empfehlen Ihnen, diese Seite regelm\u00e4\u00dfig zu besuchen.<\/p>","protected":false},"excerpt":{"rendered":"<p>A sua privacidade \u00e9 muito importante para n\u00f3s. \u00c9 pol\u00edtica do Water Center respeitar a sua privacidade em rela\u00e7\u00e3o a qualquer informa\u00e7\u00e3o sua que possamos coletar no site https:\/\/watercenter.info\/ e outros sites que possu\u00edmos e operamos. 1. Coleta de informa\u00e7\u00f5es Coletamos informa\u00e7\u00f5es pessoais apenas quando realmente precisamos delas para fornecer um servi\u00e7o. Fazemos isso por&#8230;<\/p>","protected":false},"author":2,"featured_media":0,"parent":0,"menu_order":0,"comment_status":"closed","ping_status":"closed","template":"","meta":{"_kad_post_transparent":"","_kad_post_title":"","_kad_post_layout":"","_kad_post_sidebar_id":"","_kad_post_content_style":"","_kad_post_vertical_padding":"","_kad_post_feature":"","_kad_post_feature_position":"","_kad_post_header":false,"_kad_post_footer":false,"footnotes":""},"class_list":["post-606","page","type-page","status-publish","hentry"],"yoast_head":"<!-- This site is optimized with the Yoast SEO plugin v26.1.1 - https:\/\/yoast.com\/wordpress\/plugins\/seo\/ -->\n<title>Pol\u00edtica de Privacidade \u2013 Water Center - Water Center<\/title>\n<meta name=\"robots\" content=\"index, follow, max-snippet:-1, max-image-preview:large, max-video-preview:-1\" \/>\n<link rel=\"canonical\" href=\"https:\/\/watercenter.info\/de\/politica-de-privacidade-water-center\/\" \/>\n<meta property=\"og:locale\" content=\"de_DE\" \/>\n<meta property=\"og:type\" content=\"article\" \/>\n<meta property=\"og:title\" content=\"Pol\u00edtica de Privacidade \u2013 Water Center - Water Center\" \/>\n<meta property=\"og:description\" content=\"A sua privacidade \u00e9 muito importante para n\u00f3s. \u00c9 pol\u00edtica do Water Center respeitar a sua privacidade em rela\u00e7\u00e3o a qualquer informa\u00e7\u00e3o sua que possamos coletar no site https:\/\/watercenter.info\/ e outros sites que possu\u00edmos e operamos. 1. Coleta de informa\u00e7\u00f5es Coletamos informa\u00e7\u00f5es pessoais apenas quando realmente precisamos delas para fornecer um servi\u00e7o. Fazemos isso por...\" \/>\n<meta property=\"og:url\" content=\"https:\/\/watercenter.info\/de\/politica-de-privacidade-water-center\/\" \/>\n<meta property=\"og:site_name\" content=\"Water Center\" \/>\n<meta property=\"article:modified_time\" content=\"2025-08-14T15:46:04+00:00\" \/>\n<meta name=\"twitter:card\" content=\"summary_large_image\" \/>\n<meta name=\"twitter:label1\" content=\"Gesch\u00e4tzte Lesezeit\" \/>\n\t<meta name=\"twitter:data1\" content=\"2\u00a0Minuten\" \/>\n<script type=\"application\/ld+json\" class=\"yoast-schema-graph\">{\"@context\":\"https:\/\/schema.org\",\"@graph\":[{\"@type\":\"WebPage\",\"@id\":\"https:\/\/watercenter.info\/politica-de-privacidade-water-center\/\",\"url\":\"https:\/\/watercenter.info\/politica-de-privacidade-water-center\/\",\"name\":\"Pol\u00edtica de Privacidade \u2013 Water Center - Water Center\",\"isPartOf\":{\"@id\":\"https:\/\/watercenter.info\/#website\"},\"datePublished\":\"2025-08-11T13:18:39+00:00\",\"dateModified\":\"2025-08-14T15:46:04+00:00\",\"breadcrumb\":{\"@id\":\"https:\/\/watercenter.info\/politica-de-privacidade-water-center\/#breadcrumb\"},\"inLanguage\":\"de\",\"potentialAction\":[{\"@type\":\"ReadAction\",\"target\":[\"https:\/\/watercenter.info\/politica-de-privacidade-water-center\/\"]}]},{\"@type\":\"BreadcrumbList\",\"@id\":\"https:\/\/watercenter.info\/politica-de-privacidade-water-center\/#breadcrumb\",\"itemListElement\":[{\"@type\":\"ListItem\",\"position\":1,\"name\":\"Home\",\"item\":\"https:\/\/watercenter.info\/\"},{\"@type\":\"ListItem\",\"position\":2,\"name\":\"Pol\u00edtica de Privacidade \u2013 Water Center\"}]},{\"@type\":\"WebSite\",\"@id\":\"https:\/\/watercenter.info\/#website\",\"url\":\"https:\/\/watercenter.info\/\",\"name\":\"Blog Sua Vida\",\"description\":\"\",\"publisher\":{\"@id\":\"https:\/\/watercenter.info\/#organization\"},\"potentialAction\":[{\"@type\":\"SearchAction\",\"target\":{\"@type\":\"EntryPoint\",\"urlTemplate\":\"https:\/\/watercenter.info\/?s={search_term_string}\"},\"query-input\":{\"@type\":\"PropertyValueSpecification\",\"valueRequired\":true,\"valueName\":\"search_term_string\"}}],\"inLanguage\":\"de\"},{\"@type\":\"Organization\",\"@id\":\"https:\/\/watercenter.info\/#organization\",\"name\":\"Blog Sua Vida\",\"url\":\"https:\/\/watercenter.info\/\",\"logo\":{\"@type\":\"ImageObject\",\"inLanguage\":\"de\",\"@id\":\"https:\/\/watercenter.info\/#\/schema\/logo\/image\/\",\"url\":\"https:\/\/watercenter.info\/wp-content\/uploads\/2025\/08\/cropped-unnamed-4.png\",\"contentUrl\":\"https:\/\/watercenter.info\/wp-content\/uploads\/2025\/08\/cropped-unnamed-4.png\",\"width\":500,\"height\":200,\"caption\":\"Blog Sua Vida\"},\"image\":{\"@id\":\"https:\/\/watercenter.info\/#\/schema\/logo\/image\/\"}}]}<\/script>\n<!-- \/ Yoast SEO plugin. -->","yoast_head_json":{"title":"Pol\u00edtica de Privacidade \u2013 Water Center - Water Center","robots":{"index":"index","follow":"follow","max-snippet":"max-snippet:-1","max-image-preview":"max-image-preview:large","max-video-preview":"max-video-preview:-1"},"canonical":"https:\/\/watercenter.info\/de\/politica-de-privacidade-water-center\/","og_locale":"de_DE","og_type":"article","og_title":"Pol\u00edtica de Privacidade \u2013 Water Center - Water Center","og_description":"A sua privacidade \u00e9 muito importante para n\u00f3s. \u00c9 pol\u00edtica do Water Center respeitar a sua privacidade em rela\u00e7\u00e3o a qualquer informa\u00e7\u00e3o sua que possamos coletar no site https:\/\/watercenter.info\/ e outros sites que possu\u00edmos e operamos. 1. Coleta de informa\u00e7\u00f5es Coletamos informa\u00e7\u00f5es pessoais apenas quando realmente precisamos delas para fornecer um servi\u00e7o. Fazemos isso por...","og_url":"https:\/\/watercenter.info\/de\/politica-de-privacidade-water-center\/","og_site_name":"Water Center","article_modified_time":"2025-08-14T15:46:04+00:00","twitter_card":"summary_large_image","twitter_misc":{"Gesch\u00e4tzte Lesezeit":"2\u00a0Minuten"},"schema":{"@context":"https:\/\/schema.org","@graph":[{"@type":"WebPage","@id":"https:\/\/watercenter.info\/politica-de-privacidade-water-center\/","url":"https:\/\/watercenter.info\/politica-de-privacidade-water-center\/","name":"Pol\u00edtica de Privacidade \u2013 Water Center - Water Center","isPartOf":{"@id":"https:\/\/watercenter.info\/#website"},"datePublished":"2025-08-11T13:18:39+00:00","dateModified":"2025-08-14T15:46:04+00:00","breadcrumb":{"@id":"https:\/\/watercenter.info\/politica-de-privacidade-water-center\/#breadcrumb"},"inLanguage":"de","potentialAction":[{"@type":"ReadAction","target":["https:\/\/watercenter.info\/politica-de-privacidade-water-center\/"]}]},{"@type":"BreadcrumbList","@id":"https:\/\/watercenter.info\/politica-de-privacidade-water-center\/#breadcrumb","itemListElement":[{"@type":"ListItem","position":1,"name":"Home","item":"https:\/\/watercenter.info\/"},{"@type":"ListItem","position":2,"name":"Pol\u00edtica de Privacidade \u2013 Water Center"}]},{"@type":"WebSite","@id":"https:\/\/watercenter.info\/#website","url":"https:\/\/watercenter.info\/","name":"Dein Lebensblog","description":"","publisher":{"@id":"https:\/\/watercenter.info\/#organization"},"potentialAction":[{"@type":"SearchAction","target":{"@type":"EntryPoint","urlTemplate":"https:\/\/watercenter.info\/?s={search_term_string}"},"query-input":{"@type":"PropertyValueSpecification","valueRequired":true,"valueName":"search_term_string"}}],"inLanguage":"de"},{"@type":"Organization","@id":"https:\/\/watercenter.info\/#organization","name":"Dein Lebensblog","url":"https:\/\/watercenter.info\/","logo":{"@type":"ImageObject","inLanguage":"de","@id":"https:\/\/watercenter.info\/#\/schema\/logo\/image\/","url":"https:\/\/watercenter.info\/wp-content\/uploads\/2025\/08\/cropped-unnamed-4.png","contentUrl":"https:\/\/watercenter.info\/wp-content\/uploads\/2025\/08\/cropped-unnamed-4.png","width":500,"height":200,"caption":"Blog Sua Vida"},"image":{"@id":"https:\/\/watercenter.info\/#\/schema\/logo\/image\/"}}]}},"_links":{"self":[{"href":"https:\/\/watercenter.info\/de\/wp-json\/wp\/v2\/pages\/606","targetHints":{"allow":["GET"]}}],"collection":[{"href":"https:\/\/watercenter.info\/de\/wp-json\/wp\/v2\/pages"}],"about":[{"href":"https:\/\/watercenter.info\/de\/wp-json\/wp\/v2\/types\/page"}],"author":[{"embeddable":true,"href":"https:\/\/watercenter.info\/de\/wp-json\/wp\/v2\/users\/2"}],"replies":[{"embeddable":true,"href":"https:\/\/watercenter.info\/de\/wp-json\/wp\/v2\/comments?post=606"}],"version-history":[{"count":2,"href":"https:\/\/watercenter.info\/de\/wp-json\/wp\/v2\/pages\/606\/revisions"}],"predecessor-version":[{"id":674,"href":"https:\/\/watercenter.info\/de\/wp-json\/wp\/v2\/pages\/606\/revisions\/674"}],"wp:attachment":[{"href":"https:\/\/watercenter.info\/de\/wp-json\/wp\/v2\/media?parent=606"}],"curies":[{"name":"wp","href":"https:\/\/api.w.org\/{rel}","templated":true}]}}